{"id":85,"date":"2015-07-20T19:22:36","date_gmt":"2015-07-20T19:22:36","guid":{"rendered":"http:\/\/www.ladeste.com\/?page_id=85"},"modified":"2021-07-12T19:18:04","modified_gmt":"2021-07-12T17:18:04","slug":"idissuer","status":"publish","type":"page","link":"https:\/\/enseso.com\/hr\/idissuer\/","title":{"rendered":"TPD Izdavatelj ID Oznaka"},"content":{"rendered":"<div class=\"eut-section eut-row-section eut-fullwidth-background eut-padding-top-6x eut-padding-bottom-6x eut-bg-animated eut-headings-light eut-separator-fullheight\"  style=\"color:#ffffff;\"><div class=\"eut-container\"><div class=\"eut-row eut-bookmark eut-columns-gap-30\"><div class=\"eut-column wpb_column eut-column-1 eut-tablet-sm-column-1-6\" ><div class=\"eut-column-wrapper\" ><h1 class=\"eut-element eut-title eut-align-center eut-animated-item eut-fade-in-left-big eut-duration-normal eut-h1\" style=\"margin-bottom: 0px;\" data-delay=\"200\"><span>Izdavatelj ID oznaka<\/span><\/h1><h1 class=\"eut-element eut-title eut-align-center eut-animated-item eut-fade-in-right-big eut-duration-normal eut-h1\" style=\"\" data-delay=\"400\"><span>duhanskih proizvoda<\/span><\/h1><div class=\"eut-element eut-text eut-subtitle eut-animated-item eut-fade-in-up eut-duration-normal\" data-delay=\"400\">\r\n\t\t\t<p style=\"text-align: center;\">Sustav sljedivosti omogu\u0107uje pra\u0107enje toka duhanskih proizvoda u legitimnom opskrbnom lancu<\/p>\n\r\n\t\t<\/div>\r\n\t<\/div><\/div><\/div><\/div><div class=\"eut-background-wrapper\">  <div class=\"eut-bg-image eut-bg-image-id-3516\"   style=\"background-image: url(https:\/\/enseso.com\/wp-content\/uploads\/2019\/07\/shutterstock_546725164-1920x1280.png);\"><\/div>  <div class=\"eut-bg-overlay\" style=\"background:rgba(0,0,0,0.9); background: linear-gradient(45deg,rgba(0,0,0,0.9) 0%,rgba(0,0,0,0.23) 100%);\"><\/div><\/div><\/div><div class=\"eut-section eut-row-section eut-fullwidth-background eut-padding-top-3x eut-padding-bottom-3x eut-bg-none\"><div class=\"eut-container\"><div class=\"eut-row eut-bookmark eut-columns-gap-30\"><div class=\"eut-column wpb_column eut-column-1\" ><div class=\"eut-column-wrapper\" ><h2 class=\"eut-element eut-title eut-align-center eut-h5\" style=\"\"><span>Europski parlament i Vije\u0107e Europe usvojili su 3. travnja 2014. Direktivu o duhanskim proizvodima 2014\/40 \/ EU 1. Op\u0107i cilj Direktive o duhanskim proizvodima je uskla\u0111ivanje zakona, propisa i upravnih odredbi dr\u017eava \u010dlanica u vezi s proizvodnjom, prezentacijom i prodajom duhana i srodnih proizvoda.<\/span><\/h2><\/div><\/div><\/div><\/div><div class=\"eut-background-wrapper\"><\/div><\/div><div class=\"eut-section eut-row-section eut-fullwidth-background eut-padding-bottom-1x eut-bg-none eut-headings-light\"  style=\"background-color:#00c4bd;color:rgb(255,255,255);color:rgba(255,255,255,0.8);\"><div class=\"eut-separator-top\"><svg class=\"eut-separator eut-tilt-left-separator\" xmlns=\"http:\/\/www.w3.org\/2000\/svg\" version=\"1.1\" fill=\"#ffffff\" width=\"100%\" height=\"60\" viewbox=\"0 0 1920 90\" preserveaspectratio=\"none\"><polygon class=\"fil0\" points=\"1920,90 0,90 1920,0 \"\/><\/svg><\/div><div class=\"eut-container\"><div class=\"eut-row eut-bookmark eut-columns-gap-30\"><div class=\"eut-column wpb_column eut-column-1 eut-tablet-sm-column-1-2\" ><div class=\"eut-column-wrapper vc_custom_1565725148339\" ><div class=\"eut-row-inner eut-bookmark\">\r\n\t\t<div class=\"eut-column-inner wpb_column eut-column-2-3\">\r\n\t\t\t<div class=\"eut-column-wrapper-inner vc_custom_1565724906868\">\r\n\t\t\t<h3 class=\"eut-element eut-title eut-align-left eut-h4\" style=\"margin-bottom: 24px;\"><span>\u010clanci 15. i 16. TPD-a imaju za cilj rje\u0161avanje problema ilegalne trgovine duhanskim proizvodima uvo\u0111enjem sustava sljedivosti i sigurnosnih obilje\u017eja za te proizvode.<\/span><\/h3>\r\n\t\t\t<\/div>\r\n\t\t<\/div>\r\n\t\r\n\t\t<div class=\"eut-column-inner wpb_column eut-column-1-3\">\r\n\t\t\t<div class=\"eut-column-wrapper-inner\">\r\n\t\t\t\r\n\t\t\t<\/div>\r\n\t\t<\/div>\r\n\t<\/div><div class=\"eut-empty-space eut-height-2x\" style=\"\"><\/div><div class=\"eut-row-inner eut-bookmark\">\r\n\t\t<div class=\"eut-column-inner wpb_column eut-column-1\">\r\n\t\t\t<div class=\"eut-column-wrapper-inner vc_custom_1566766541518 eut-drop-shadow\">\r\n\t\t\t<div class=\"eut-element eut-box-icon eut-extra-large eut-top-icon eut-align-left\" style=\"\"><div class=\"eut-wrapper-icon eut-no-shape eut-text-grey\"><i class=\"eut-text-white et-icon-desktop\"><\/i><\/div><div class=\"eut-box-content\"><div class=\"eut-box-title-wrapper\"><h3 class=\"eut-box-title eut-h5\">Prema sustavu sljedivosti (\u010dlanak 15. TPD-a):<\/h3><\/div>  <p class=\"\">\n\n\n<ul>\n<li>Svi paketi duhanskih proizvoda proizvedeni, namijenjeni ili stavljeni na tr\u017ei\u0161te EU-a trebat \u0107e prikazivati jedinstveni identifikator (s unaprijed definiranim podacima o mjestu i datumu proizvodnje, odredi\u0161tu itd.).<\/li>\n<li>Njihovo kretanje mora se evidentirati u cijelom opskrbnom lancu (od proizvo\u0111a\u010da do posljednje razine prije prvog prodajnog mjesta).<\/li>\n<li>Informacije o evidentiranim kretanjima pohranit \u0107e neovisni pru\u017eatelji usluga pohrane podataka (s kojima \u0107e proizvo\u0111a\u010di i uvoznici duhanskih proizvoda trebati potpisati ugovore, a Komisija ih mora odobriti), a podaci \u0107e biti dostupni vlastima (dr\u017eavama \u010dlanicama i Komisiji ) u svrhu kontrole.<\/li>\n<li>\u00a0Na taj \u0107e na\u010din sustav sljedivosti omogu\u0107iti pra\u0107enje kretanja legalnih duhanskih proizvoda (pra\u0107enje) i omogu\u0107iti javnim tijelima da utvrde u kojem su trenutku neki proizvodi preusmjereni na ilegalno tr\u017ei\u0161te ili obrnuto (tra\u017eenje).<\/li>\n<\/ul>\n<\/p><\/div><\/div>\r\n\t\t\t<\/div>\r\n\t\t<\/div>\r\n\t<\/div><\/div><\/div><\/div><\/div><div class=\"eut-background-wrapper\"><\/div><div class=\"eut-separator-bottom\"><svg class=\"eut-separator eut-tilt-left-separator\" xmlns=\"http:\/\/www.w3.org\/2000\/svg\" version=\"1.1\" fill=\"#1fc4be\" width=\"100%\" height=\"60\" viewbox=\"0 0 1920 90\" preserveaspectratio=\"none\"><polygon class=\"fil0\" points=\"0,90 1920,90 0,0 \"\/><\/svg><\/div><\/div><div class=\"eut-section eut-row-section eut-fullwidth-background eut-padding-top-2x eut-padding-bottom-2x eut-bg-none eut-custom-height eut-middle-content\" data-mobile-equal-columns=\"false\"><div class=\"eut-container\"><div class=\"eut-row eut-bookmark eut-columns-gap-30\"><div class=\"eut-column wpb_column eut-column-1-3 eut-tablet-sm-column-1-2\" ><div class=\"eut-column-wrapper vc_custom_1562861204821 eut-flex eut-flex-position-bottom\" ><div class=\"eut-flex-column-wrapper\"><h3 class=\"eut-element eut-title eut-align-left eut-h4\" style=\"margin-bottom: 24px;\"><span>Na\u0161 sustav izdavatelja ID-a duhanskih proizvoda pokriva sve povezane funkcije te uloge :<\/span><\/h3><\/div><\/div><\/div><div class=\"eut-column wpb_column eut-column-2-3\" ><div class=\"eut-column-wrapper vc_custom_1565725281763 eut-drop-shadow\" ><div class=\"eut-element eut-text\">\r\n\t\t\t<ul>\n<li><span style=\"color: #000000;\">generiranje jedinstvenih serijskih brojeva na pojedina\u010dnoj i agregiranoj razini<\/span><\/li>\n<li><span style=\"color: #000000;\">registracija ekonomskih subjekata, objekata i strojeva<\/span><\/li>\n<li><span style=\"color: #000000;\">deaktivacija ekonomskih subjekata, objekata i strojeva<\/span><\/li>\n<li><span style=\"color: #000000;\">integracijski modul za komunikaciju sa centralnim \/ sekundarnim repozitorijem<\/span><\/li>\n<li><span style=\"color: #000000;\">fleksibilni administracijski modul<\/span><\/li>\n<li><span style=\"color: #000000;\">moduli za izvje\u0161tavanje i naplatu<\/span><\/li>\n<li><span style=\"color: #000000;\">hijerarhijski model korisni\u010dkih uloga \/ dozvola<\/span><\/li>\n<li><span style=\"color: #000000;\">detaljni audit trail<\/span><\/li>\n<li><span style=\"color: #000000;\">mobilna aplikacija za provjeru serijskih brojeva<\/span><\/li>\n<\/ul>\n\r\n\t\t<\/div>\r\n\t<\/div><\/div><\/div><\/div><div class=\"eut-background-wrapper\"><\/div><\/div><div class=\"eut-section eut-row-section eut-fullwidth-background eut-padding-top-3x eut-padding-bottom-3x eut-bg-none eut-custom-height eut-middle-content\" data-mobile-equal-columns=\"false\"  style=\"background-color:#eaeaea;\"><div class=\"eut-separator-top\"><svg class=\"eut-separator eut-tilt-left-separator\" xmlns=\"http:\/\/www.w3.org\/2000\/svg\" version=\"1.1\" fill=\"#ffffff\" width=\"100%\" height=\"120\" viewbox=\"0 0 1920 90\" preserveaspectratio=\"none\"><polygon class=\"fil0\" points=\"0,90 1920,90 0,0 \"\/><\/svg><\/div><div class=\"eut-container\"><div class=\"eut-row eut-bookmark eut-columns-gap-30\"><div class=\"eut-column wpb_column eut-column-1-3\" ><div class=\"eut-column-wrapper\" ><h3 class=\"eut-element eut-title eut-align-left eut-h4\" style=\"margin-bottom: 24px;\"><span>Da  bi se omogu\u0107ilo jednostavno i fleksibilno kori\u0161tenje i integracija sustav nudi :<\/span><\/h3><\/div><\/div><div class=\"eut-column wpb_column eut-column-1-3\" ><div class=\"eut-column-wrapper vc_custom_1565816356858 eut-drop-shadow eut-flex eut-flex-position-middle\" ><div class=\"eut-flex-column-wrapper\"><div class=\"eut-element eut-text\">\r\n\t\t\t<ul>\n<li>web bazirano grafi\u010dko su\u010delje - HTTPS<\/li>\n<li>REST API integracija - HTTPS<\/li>\n<li>SFTP prijenos datoteka<\/li>\n<li>HA arhitektura sustava za naprednu skalabilnost \/ performanse<\/li>\n<li>mobilna aplikacija<\/li>\n<\/ul>\n\r\n\t\t<\/div>\r\n\t<\/div><\/div><\/div><div class=\"eut-column wpb_column eut-column-1-3\" ><div class=\"eut-column-wrapper\" ><\/div><\/div><\/div><\/div><div class=\"eut-background-wrapper\"><\/div><div class=\"eut-separator-bottom\"><svg class=\"eut-separator eut-tilt-left-separator\" xmlns=\"http:\/\/www.w3.org\/2000\/svg\" version=\"1.1\" fill=\"#ffffff\" width=\"100%\" height=\"90\" viewbox=\"0 0 1920 90\" preserveaspectratio=\"none\"><polygon class=\"fil0\" points=\"0,90 1920,90 0,0 \"\/><\/svg><\/div><\/div><div class=\"eut-section eut-row-section eut-fullwidth-background eut-padding-top-2x eut-padding-bottom-3x eut-bg-none eut-custom-height eut-middle-content\" data-mobile-equal-columns=\"false\"  style=\"background-color:#ffffff;\"><div class=\"eut-container\"><div class=\"eut-row eut-bookmark eut-columns-gap-30\"><div class=\"eut-column wpb_column eut-column-1-3 eut-tablet-sm-column-1-2\" ><div class=\"eut-column-wrapper vc_custom_1565725433794 eut-flex eut-flex-position-bottom\" ><div class=\"eut-flex-column-wrapper\"><\/div><\/div><\/div><div class=\"eut-column wpb_column eut-column-1-3\" ><div class=\"eut-column-wrapper\" ><h3 class=\"eut-element eut-title eut-align-left eut-h4\" style=\"margin-bottom: 24px;\"><span>Fleksibilni modeli isporuke da se zadovolje svi korisni\u010dki zahtjevi<\/span><\/h3><\/div><\/div><div class=\"eut-column wpb_column eut-column-1-3\" ><div class=\"eut-column-wrapper vc_custom_1565816435380 eut-drop-shadow eut-flex eut-flex-position-middle\" ><div class=\"eut-flex-column-wrapper\"><div class=\"eut-element eut-text\">\r\n\t\t\t<ul>\n<li>privatni SaaS model isporuke - kori\u0161tenje sustava u na\u0161em podatkovnom centru i privatnom oblaku<\/li>\n<li>javni SaaS model isporuke - kori\u0161tenje sustava kroz javni oblak po izboru (AWS, Google Cloud, Azure)<\/li>\n<li>licencirani model - sustav implementiran i kori\u0161ten na infrastrukturi korisnika<\/li>\n<\/ul>\n\r\n\t\t<\/div>\r\n\t<\/div><\/div><\/div><\/div><\/div><div class=\"eut-background-wrapper\"><\/div><\/div><div class=\"eut-section eut-row-section eut-fullwidth-background eut-padding-top-2x eut-padding-bottom-1x eut-bg-none eut-custom-height eut-middle-content\" data-mobile-equal-columns=\"false\"  style=\"background-color:#02c4e2;\"><div class=\"eut-container\"><div class=\"eut-row eut-bookmark eut-columns-gap-30\"><div class=\"eut-column wpb_column eut-column-1-6\" ><div class=\"eut-column-wrapper eut-flex eut-flex-position-middle\" ><div class=\"eut-flex-column-wrapper\"><h2 style=\"font-size: 24px;color: #ffffff;text-align: left\" class=\"vc_custom_heading\" >Prezentacija<\/h2><\/div><\/div><\/div><div class=\"eut-column wpb_column eut-column-2-3\" ><div class=\"eut-column-wrapper\" ><div class=\"eut-row-inner eut-bookmark\">\r\n\t\t<div class=\"eut-column-inner wpb_column eut-column-1-3\">\r\n\t\t\t<div class=\"eut-column-wrapper-inner vc_custom_1564335881732\">\r\n\t\t\t<h2 style=\"font-size: 22px;color: #ffffff;text-align: center;font-family:Open Sans;font-weight:600;font-style:normal\" class=\"vc_custom_heading\" >Grafi\u010dko su\u010delje<\/h2>\r\n\t\t\t<\/div>\r\n\t\t<\/div>\r\n\t\r\n\t\t<div class=\"eut-column-inner wpb_column eut-column-1-3\">\r\n\t\t\t<div class=\"eut-column-wrapper-inner vc_custom_1564336016195\">\r\n\t\t\t<h2 style=\"font-size: 22px;color: #ffffff;text-align: center;font-family:Open Sans;font-weight:600;font-style:normal\" class=\"vc_custom_heading\" >API (XML\/JSON)<\/h2>\r\n\t\t\t<\/div>\r\n\t\t<\/div>\r\n\t\r\n\t\t<div class=\"eut-column-inner wpb_column eut-column-1-3\">\r\n\t\t\t<div class=\"eut-column-wrapper-inner vc_custom_1564336030131\">\r\n\t\t\t<h2 style=\"font-size: 22px;color: #ffffff;text-align: center;font-family:Open Sans;font-weight:600;font-style:normal\" class=\"vc_custom_heading\" >Mobilno su\u010delje<\/h2>\r\n\t\t\t<\/div>\r\n\t\t<\/div>\r\n\t<\/div><\/div><\/div><div class=\"eut-column wpb_column eut-column-1-6\" ><div class=\"eut-column-wrapper eut-flex eut-flex-position-middle\" ><div class=\"eut-flex-column-wrapper\"><h2 style=\"font-size: 24px;color: #ffffff;text-align: right\" class=\"vc_custom_heading\" >Korisnici \/ prava<\/h2><\/div><\/div><\/div><\/div><\/div><div class=\"eut-background-wrapper\"><\/div><\/div><div class=\"eut-section eut-row-section eut-fullwidth-background eut-padding-top-1x eut-padding-bottom-1x eut-bg-none eut-custom-height eut-middle-content\" data-mobile-equal-columns=\"false\"  style=\"background-color:#2bcae2;\"><div class=\"eut-container\"><div class=\"eut-row eut-bookmark eut-columns-gap-30\"><div class=\"eut-column wpb_column eut-column-1-6\" ><div class=\"eut-column-wrapper eut-flex eut-flex-position-middle\" ><div class=\"eut-flex-column-wrapper\"><h2 style=\"font-size: 24px;color: #ffffff;text-align: left\" class=\"vc_custom_heading\" >Poslovna logika<\/h2><\/div><\/div><\/div><div class=\"eut-column wpb_column eut-column-2-3\" ><div class=\"eut-column-wrapper\" ><div class=\"eut-row-inner eut-bookmark\">\r\n\t\t<div class=\"eut-column-inner wpb_column eut-column-1-2\">\r\n\t\t\t<div class=\"eut-column-wrapper-inner vc_custom_1564336623705\">\r\n\t\t\t<h2 style=\"font-size: 22px;color: #ffffff;text-align: center;font-family:Open Sans;font-weight:600;font-style:normal\" class=\"vc_custom_heading\" >Integracijski servisi<\/h2>\r\n\t\t\t<\/div>\r\n\t\t<\/div>\r\n\t\r\n\t\t<div class=\"eut-column-inner wpb_column eut-column-1-2\">\r\n\t\t\t<div class=\"eut-column-wrapper-inner vc_custom_1564336016195\">\r\n\t\t\t<h2 style=\"font-size: 22px;color: #ffffff;text-align: center;font-family:Open Sans;font-weight:600;font-style:normal\" class=\"vc_custom_heading\" >Servis za verifikaciju<\/h2>\r\n\t\t\t<\/div>\r\n\t\t<\/div>\r\n\t<\/div><div class=\"eut-row-inner eut-bookmark\">\r\n\t\t<div class=\"eut-column-inner wpb_column eut-column-1-2\">\r\n\t\t\t<div class=\"eut-column-wrapper-inner vc_custom_1564336655361\">\r\n\t\t\t<h2 style=\"font-size: 22px;color: #ffffff;text-align: center;font-family:Open Sans;font-weight:600;font-style:normal\" class=\"vc_custom_heading\" >Izvje\u0161tajni servis<\/h2>\r\n\t\t\t<\/div>\r\n\t\t<\/div>\r\n\t\r\n\t\t<div class=\"eut-column-inner wpb_column eut-column-1-2\">\r\n\t\t\t<div class=\"eut-column-wrapper-inner vc_custom_1564336669105\">\r\n\t\t\t<h2 style=\"font-size: 22px;color: #ffffff;text-align: center;font-family:Open Sans;font-weight:600;font-style:normal\" class=\"vc_custom_heading\" >Servis za naplatu<\/h2>\r\n\t\t\t<\/div>\r\n\t\t<\/div>\r\n\t<\/div><\/div><\/div><div class=\"eut-column wpb_column eut-column-1-6\" ><div class=\"eut-column-wrapper eut-flex eut-flex-position-middle\" ><div class=\"eut-flex-column-wrapper\"><h2 style=\"font-size: 24px;color: #ffffff;text-align: right\" class=\"vc_custom_heading\" >Korisnici \/ prava<\/h2><\/div><\/div><\/div><\/div><\/div><div class=\"eut-background-wrapper\"><\/div><\/div><div class=\"eut-section eut-row-section eut-fullwidth-background eut-padding-top-1x eut-padding-bottom-1x eut-bg-none eut-custom-height eut-middle-content\" data-mobile-equal-columns=\"false\"  style=\"background-color:#02c4e2;\"><div class=\"eut-container\"><div class=\"eut-row eut-bookmark eut-columns-gap-30\"><div class=\"eut-column wpb_column eut-column-1-6\" ><div class=\"eut-column-wrapper eut-flex eut-flex-position-middle\" ><div class=\"eut-flex-column-wrapper\"><h2 style=\"font-size: 24px;color: #ffffff;text-align: left\" class=\"vc_custom_heading\" >Regulatorna logika<\/h2><\/div><\/div><\/div><div class=\"eut-column wpb_column eut-column-2-3\" ><div class=\"eut-column-wrapper\" ><div class=\"eut-row-inner eut-bookmark\">\r\n\t\t<div class=\"eut-column-inner wpb_column eut-column-1-2\">\r\n\t\t\t<div class=\"eut-column-wrapper-inner vc_custom_1564336623705\">\r\n\t\t\t<h2 style=\"font-size: 22px;color: #ffffff;text-align: center;font-family:Open Sans;font-weight:600;font-style:normal\" class=\"vc_custom_heading\" >UI jedini\u010dne razine<\/h2>\r\n\t\t\t<\/div>\r\n\t\t<\/div>\r\n\t\r\n\t\t<div class=\"eut-column-inner wpb_column eut-column-1-2\">\r\n\t\t\t<div class=\"eut-column-wrapper-inner vc_custom_1564336016195\">\r\n\t\t\t<h2 style=\"font-size: 22px;color: #ffffff;text-align: center;font-family:Open Sans;font-weight:600;font-style:normal\" class=\"vc_custom_heading\" >Agregacijski UI<\/h2>\r\n\t\t\t<\/div>\r\n\t\t<\/div>\r\n\t<\/div><div class=\"eut-row-inner eut-bookmark\">\r\n\t\t<div class=\"eut-column-inner wpb_column eut-column-1-2\">\r\n\t\t\t<div class=\"eut-column-wrapper-inner vc_custom_1564336655361\">\r\n\t\t\t<h2 style=\"font-size: 22px;color: #ffffff;text-align: center;font-family:Open Sans;font-weight:600;font-style:normal\" class=\"vc_custom_heading\" >Strojevi<\/h2>\r\n\t\t\t<\/div>\r\n\t\t<\/div>\r\n\t\r\n\t\t<div class=\"eut-column-inner wpb_column eut-column-1-2\">\r\n\t\t\t<div class=\"eut-column-wrapper-inner vc_custom_1564336669105\">\r\n\t\t\t<h2 style=\"font-size: 22px;color: #ffffff;text-align: center;font-family:Open Sans;font-weight:600;font-style:normal\" class=\"vc_custom_heading\" >Offline datoteke<\/h2>\r\n\t\t\t<\/div>\r\n\t\t<\/div>\r\n\t<\/div><div class=\"eut-row-inner eut-bookmark\">\r\n\t\t<div class=\"eut-column-inner wpb_column eut-column-1-2\">\r\n\t\t\t<div class=\"eut-column-wrapper-inner vc_custom_1564336655361\">\r\n\t\t\t<h2 style=\"font-size: 22px;color: #ffffff;text-align: center;font-family:Open Sans;font-weight:600;font-style:normal\" class=\"vc_custom_heading\" >Ekonomski subjekti<\/h2>\r\n\t\t\t<\/div>\r\n\t\t<\/div>\r\n\t\r\n\t\t<div class=\"eut-column-inner wpb_column eut-column-1-2\">\r\n\t\t\t<div class=\"eut-column-wrapper-inner vc_custom_1564336669105\">\r\n\t\t\t<h2 style=\"font-size: 22px;color: #ffffff;text-align: center;font-family:Open Sans;font-weight:600;font-style:normal\" class=\"vc_custom_heading\" >Objekti<\/h2>\r\n\t\t\t<\/div>\r\n\t\t<\/div>\r\n\t<\/div><div class=\"eut-row-inner eut-bookmark\">\r\n\t\t<div class=\"eut-column-inner wpb_column eut-column-1-2\">\r\n\t\t\t<div class=\"eut-column-wrapper-inner vc_custom_1564336655361\">\r\n\t\t\t<h2 style=\"font-size: 22px;color: #ffffff;text-align: center;font-family:Open Sans;font-weight:600;font-style:normal\" class=\"vc_custom_heading\" >Predlo\u0161ci kodova<\/h2>\r\n\t\t\t<\/div>\r\n\t\t<\/div>\r\n\t\r\n\t\t<div class=\"eut-column-inner wpb_column eut-column-1-2\">\r\n\t\t\t<div class=\"eut-column-wrapper-inner vc_custom_1564336669105\">\r\n\t\t\t<h2 style=\"font-size: 22px;color: #ffffff;text-align: center;font-family:Open Sans;font-weight:600;font-style:normal\" class=\"vc_custom_heading\" >Predlo\u0161ci serijskih brojeva<\/h2>\r\n\t\t\t<\/div>\r\n\t\t<\/div>\r\n\t<\/div><\/div><\/div><div class=\"eut-column wpb_column eut-column-1-6\" ><div class=\"eut-column-wrapper eut-flex eut-flex-position-middle\" ><div class=\"eut-flex-column-wrapper\"><h2 style=\"font-size: 24px;color: #ffffff;text-align: right\" class=\"vc_custom_heading\" >Korisnici \/ prava<\/h2><\/div><\/div><\/div><\/div><\/div><div class=\"eut-background-wrapper\"><\/div><\/div><div class=\"eut-section eut-row-section eut-fullwidth-background eut-padding-top-1x eut-padding-bottom-1x eut-bg-none eut-custom-height eut-middle-content\" data-mobile-equal-columns=\"false\"  style=\"background-color:#2bcae2;\"><div class=\"eut-container\"><div class=\"eut-row eut-bookmark eut-columns-gap-30\"><div class=\"eut-column wpb_column eut-column-1-6\" ><div class=\"eut-column-wrapper eut-flex eut-flex-position-middle\" ><div class=\"eut-flex-column-wrapper\"><h2 style=\"font-size: 24px;color: #ffffff;text-align: left\" class=\"vc_custom_heading\" >Podaci<\/h2><\/div><\/div><\/div><div class=\"eut-column wpb_column eut-column-2-3\" ><div class=\"eut-column-wrapper\" ><div class=\"eut-row-inner eut-bookmark\">\r\n\t\t<div class=\"eut-column-inner wpb_column eut-column-1\">\r\n\t\t\t<div class=\"eut-column-wrapper-inner vc_custom_1564336623705\">\r\n\t\t\t<h2 style=\"font-size: 22px;color: #ffffff;text-align: center;font-family:Open Sans;font-weight:600;font-style:normal\" class=\"vc_custom_heading\" >Razina pristupa podacima<\/h2>\r\n\t\t\t<\/div>\r\n\t\t<\/div>\r\n\t<\/div><div class=\"eut-row-inner eut-bookmark\">\r\n\t\t<div class=\"eut-column-inner wpb_column eut-column-1-2\">\r\n\t\t\t<div class=\"eut-column-wrapper-inner vc_custom_1564336655361\">\r\n\t\t\t<h2 style=\"font-size: 22px;color: #ffffff;text-align: center;font-family:Open Sans;font-weight:600;font-style:normal\" class=\"vc_custom_heading\" >RDBMS<\/h2>\r\n\t\t\t<\/div>\r\n\t\t<\/div>\r\n\t\r\n\t\t<div class=\"eut-column-inner wpb_column eut-column-1-2\">\r\n\t\t\t<div class=\"eut-column-wrapper-inner vc_custom_1564336669105\">\r\n\t\t\t<h2 style=\"font-size: 22px;color: #ffffff;text-align: center;font-family:Open Sans;font-weight:600;font-style:normal\" class=\"vc_custom_heading\" >Generator serijskih brojeva<\/h2>\r\n\t\t\t<\/div>\r\n\t\t<\/div>\r\n\t<\/div><\/div><\/div><div class=\"eut-column wpb_column eut-column-1-6\" ><div class=\"eut-column-wrapper eut-flex eut-flex-position-middle\" ><div class=\"eut-flex-column-wrapper\"><h2 style=\"font-size: 24px;color: #ffffff;text-align: right\" class=\"vc_custom_heading\" >Audit Trail<\/h2><\/div><\/div><\/div><\/div><\/div><div class=\"eut-background-wrapper\"><\/div><\/div><div class=\"eut-section eut-row-section eut-fullwidth-background eut-padding-top-4x eut-padding-bottom-4x eut-bg-none\"><div class=\"eut-container\"><div class=\"eut-row eut-bookmark eut-columns-gap-30\"><div class=\"eut-column wpb_column eut-column-1\" ><div class=\"eut-column-wrapper\" ><h3 class=\"eut-element eut-title eut-align-center eut-h3\" style=\"margin-bottom: 0px;\"><span><a href=\"https:\/\/enseso.com\/hr\/contact-us\/\">Kontaktirajte nas<\/a><\/span><\/h3><h3 class=\"eut-element eut-title eut-align-center eut-small-text\" style=\"\"><span><span style=\"color: #999999;\">NE OKLIJEVAJTE AKO TREBATE DODATNE INFORMACIJE<\/span><\/span><\/h3><\/div><\/div><\/div><\/div><div class=\"eut-background-wrapper\"><\/div><\/div>","protected":false},"excerpt":{"rendered":"Tobacco IDIssuer Suite Traceability system that enables the movement of legal tobacco products to be monitored. The European Parliament and the Council of Europe adopted on April 3, 2014 the Tobacco Products Directive 2014\/40 \/EU 1. The general objective of the Tobacco Products Directive is approximation of laws, regulations and administrative provisions of the Member [...]","protected":false},"author":1,"featured_media":0,"parent":0,"menu_order":0,"comment_status":"open","ping_status":"closed","template":"","meta":{"inline_featured_image":false,"_monsterinsights_skip_tracking":false,"_monsterinsights_sitenote_active":false,"_monsterinsights_sitenote_note":"","_monsterinsights_sitenote_category":0,"footnotes":""},"class_list":["post-85","page","type-page","status-publish","hentry"],"_links":{"self":[{"href":"https:\/\/enseso.com\/hr\/wp-json\/wp\/v2\/pages\/85","targetHints":{"allow":["GET"]}}],"collection":[{"href":"https:\/\/enseso.com\/hr\/wp-json\/wp\/v2\/pages"}],"about":[{"href":"https:\/\/enseso.com\/hr\/wp-json\/wp\/v2\/types\/page"}],"author":[{"embeddable":true,"href":"https:\/\/enseso.com\/hr\/wp-json\/wp\/v2\/users\/1"}],"replies":[{"embeddable":true,"href":"https:\/\/enseso.com\/hr\/wp-json\/wp\/v2\/comments?post=85"}],"version-history":[{"count":53,"href":"https:\/\/enseso.com\/hr\/wp-json\/wp\/v2\/pages\/85\/revisions"}],"predecessor-version":[{"id":4280,"href":"https:\/\/enseso.com\/hr\/wp-json\/wp\/v2\/pages\/85\/revisions\/4280"}],"wp:attachment":[{"href":"https:\/\/enseso.com\/hr\/wp-json\/wp\/v2\/media?parent=85"}],"curies":[{"name":"wp","href":"https:\/\/api.w.org\/{rel}","templated":true}]}}