{"id":65,"date":"2015-07-16T09:49:56","date_gmt":"2015-07-16T07:49:56","guid":{"rendered":"http:\/\/www.ladeste.com\/?page_id=65"},"modified":"2023-11-25T21:29:08","modified_gmt":"2023-11-25T20:29:08","slug":"traceability","status":"publish","type":"page","link":"https:\/\/enseso.com\/hr\/traceability\/","title":{"rendered":"Sljedivost"},"content":{"rendered":"<div class=\"eut-section eut-row-section eut-fullwidth-background eut-padding-top-6x eut-padding-bottom-6x eut-bg-animated eut-headings-light eut-separator-fullheight\"  style=\"color:#ffffff;\"><div class=\"eut-container\"><div class=\"eut-row eut-bookmark eut-columns-gap-30\"><div class=\"eut-column wpb_column eut-column-1 eut-tablet-sm-column-1-6\" ><div class=\"eut-column-wrapper\" ><h1 class=\"eut-element eut-title eut-align-center eut-animated-item eut-zoom-in eut-duration-normal eut-h1\" style=\"margin-bottom: 0px;\" data-delay=\"200\"><span>Sljedivost<\/span><\/h1><\/div><\/div><\/div><\/div><div class=\"eut-background-wrapper\">  <div class=\"eut-bg-image eut-bg-image-id-3853\"   style=\"background-image: url(https:\/\/enseso.com\/wp-content\/uploads\/2019\/08\/serialization-1920x1280.png);\"><\/div>  <div class=\"eut-bg-overlay\" style=\"background:rgba(0,0,0,0.9); background: linear-gradient(45deg,rgba(0,0,0,0.9) 0%,rgba(0,0,0,0.23) 100%);\"><\/div><\/div><\/div><div class=\"eut-section eut-row-section eut-fullwidth-background eut-padding-top-5x eut-padding-bottom-5x eut-bg-none\"  style=\"background-color:#1fc4be;color:#ffffff;\"><div class=\"eut-container\"><div class=\"eut-row eut-bookmark eut-columns-gap-30\"><div class=\"eut-column wpb_column eut-column-1-3 eut-headings-light\" ><div class=\"eut-column-wrapper eut-flex eut-flex-position-middle\" ><div class=\"eut-flex-column-wrapper\"><h3 class=\"eut-element eut-title eut-align-left eut-animated-item eut-fade-in-left eut-duration-normal eut-h3\" style=\"\" data-delay=\"200\"><span>O \u010demu se radi ?<\/span><\/h3><\/div><\/div><\/div><div class=\"eut-column wpb_column eut-column-2-3\" ><div class=\"eut-column-wrapper eut-flex eut-flex-position-middle\" ><div class=\"eut-flex-column-wrapper\"><div class=\"eut-row-inner eut-bookmark\">\r\n\t\t<div class=\"eut-column-inner wpb_column eut-column-1-3\">\r\n\t\t\t<div class=\"eut-column-wrapper-inner\">\r\n\t\t\t\r\n\t\t\t<\/div>\r\n\t\t<\/div>\r\n\t\r\n\t\t<div class=\"eut-column-inner wpb_column eut-column-2-3\">\r\n\t\t\t<div class=\"eut-column-wrapper-inner\">\r\n\t\t\t<div class=\"eut-element eut-text eut-animated-item eut-fade-in-right eut-duration-slow\" data-delay=\"300\">\r\n\t\t\t<p style=\"text-align: left;\"><span style=\"font-size: 12pt;\">Postoji puno nerazumijevanja oko koncepta  sljedivosti. Kako \u0107e to utjecati na moje poslovanje? Ho\u0107e li donijeti samo tro\u0161kove? Je li sve u vezano uz tehnologiju? Na koje \u0107e odjele moje tvrtke to utjecati? Tko \u0107e pomo\u0107i u provedbi? Puno pitanja i malo vremena. To je izazov !<\/span><\/p>\n\r\n\t\t<\/div>\r\n\t\r\n\t\t\t<\/div>\r\n\t\t<\/div>\r\n\t<\/div><\/div><\/div><\/div><\/div><\/div><div class=\"eut-background-wrapper\"><\/div><div class=\"eut-separator-bottom\"><svg class=\"eut-separator eut-tilt-left-separator\" xmlns=\"http:\/\/www.w3.org\/2000\/svg\" version=\"1.1\" fill=\"#ffffff\" width=\"100%\" height=\"90\" viewbox=\"0 0 1920 90\" preserveaspectratio=\"none\"><polygon class=\"fil0\" points=\"1920,90 0,90 1920,0 \"\/><\/svg><\/div><\/div><div class=\"eut-section eut-row-section eut-fullwidth-background eut-padding-top-3x eut-padding-bottom-3x eut-bg-none\"><div class=\"eut-container\"><div class=\"eut-row eut-bookmark eut-columns-gap-30\"><div class=\"eut-column wpb_column eut-column-1-6\" ><div class=\"eut-column-wrapper\" ><\/div><\/div><div class=\"eut-column wpb_column eut-column-2-3 eut-parallax-effect\"  data-parallax-effect=\"vertical-parallax\" data-sensitive=\"low\" data-limit=\"1x\" data-invert=\"false\" data-tablet-portrait-parallax-effect=\"none\" data-mobile-parallax-effect=\"none\"><div class=\"eut-column-wrapper eut-flex eut-flex-position-middle\" ><div class=\"eut-flex-column-wrapper\"><h2 style=\"color: #161616;text-align: center\" class=\"vc_custom_heading\" >Sve je zbog potro\u0161a\u010da<\/h2><div class=\"eut-empty-space eut-height-1x\" style=\"\"><\/div><div class=\"eut-element eut-text\">\r\n\t\t\t<p style=\"text-align: center;\">Tehnologija brzo napreduje. Tr\u017ei\u0161ta se otvaraju sve vi\u0161e i vi\u0161e. Komercijalne granice nestaju. Brzi protok informacija i robe nije u ravnote\u017ei s jednakom za\u0161titom potro\u0161a\u010da. Treba poduzeti nove korake. Industrije moraju ubla\u017eiti potencijalne probleme. Sljedivost je jedan od mo\u0107nih alata koji pru\u017ea koristi podjednako proizvo\u0111a\u010dima i potro\u0161a\u010dima.<\/p>\n\r\n\t\t<\/div>\r\n\t<\/div><\/div><\/div><div class=\"eut-column wpb_column eut-column-1-6\" ><div class=\"eut-column-wrapper\" ><\/div><\/div><\/div><\/div><div class=\"eut-background-wrapper\"><\/div><\/div><div class=\"eut-section eut-row-section eut-fullwidth-background eut-padding-top-1x eut-padding-bottom-1x eut-bg-none eut-custom-height eut-middle-content\" data-mobile-equal-columns=\"false\"><div class=\"eut-container\"><div class=\"eut-row eut-bookmark eut-columns-gap-30\"><div class=\"eut-column wpb_column eut-column-1-4 eut-parallax-effect\"  data-parallax-effect=\"vertical-parallax\" data-sensitive=\"low\" data-limit=\"1x\" data-invert=\"false\" data-tablet-portrait-parallax-effect=\"none\" data-mobile-parallax-effect=\"none\"><div class=\"eut-column-wrapper eut-flex eut-flex-position-middle\" ><div class=\"eut-flex-column-wrapper\"><\/div><\/div><\/div><div class=\"eut-column wpb_column eut-column-1-4 eut-parallax-effect\"  data-parallax-effect=\"vertical-parallax\" data-sensitive=\"low\" data-limit=\"1x\" data-invert=\"false\" data-tablet-portrait-parallax-effect=\"none\" data-mobile-parallax-effect=\"none\"><div class=\"eut-column-wrapper vc_custom_1566763924246 eut-flex eut-flex-position-middle\" ><div class=\"eut-flex-column-wrapper\"><div class=\"eut-element eut-image eut-animated-item eut-fade-in-left eut-duration-normal eut-align-center\" style=\"\" data-delay=\"200\">  <div class=\"eut-image-wrapper\"><img loading=\"lazy\" decoding=\"async\" width=\"320\" height=\"420\" src=\"https:\/\/enseso.com\/wp-content\/uploads\/2019\/07\/food.svg\" class=\"attachment-full size-full\" alt=\"\" \/>   <\/div><\/div><\/div><\/div><\/div><div class=\"eut-column wpb_column eut-column-1-2\" ><div class=\"eut-column-wrapper\" ><h3 class=\"eut-element eut-title eut-align-left eut-animated-item eut-fade-in-right eut-duration-normal eut-h3\" style=\"\" data-delay=\"200\"><span>Prehrambena Industrija<span class=\"eut-title-line eut-bg-primary-1\" style=\"width: 50px;height: 2px;\"><\/span><\/span><\/h3><div class=\"eut-row-inner eut-bookmark\">\r\n\t\t<div class=\"eut-column-inner wpb_column eut-column-1\">\r\n\t\t\t<div class=\"eut-column-wrapper-inner\">\r\n\t\t\t<div class=\"eut-element eut-text eut-animated-item eut-fade-in-right eut-duration-normal\" data-delay=\"200\">\r\n\t\t\t<p>Putem Interneta svijet je u svakom trenutku u kontaktu sa hranom koju konzumira. Ipak, \u010dini se da jo\u0161 uvijek \u010desto \u010dujemo za \"incidente s hranom\". Nitko nije imun. Danas su potro\u0161a\u010di vi\u0161e nego ikad osjetljivi na hranu koju konzumiraju, a proizvo\u0111a\u010di su u  mogu\u0107nosti koristiti nove tehnologije za pobolj\u0161anje sigurnosti hrane. Propisi, formalni i neformalni; npr. EU 1169\/2011 ili inicijativa PTI u SAD-u definiraju prihvatljiv okvir za proizvo\u0111a\u010de. Potro\u0161a\u010di trebaju bolji i jednostavniji pristup izravnoj komunikaciji; oni koji ga ne osiguraju bit \u0107e u nepovoljnom konkurentskom polo\u017eaju.<\/p>\n\r\n\t\t<\/div>\r\n\t\r\n\t\t\t<\/div>\r\n\t\t<\/div>\r\n\t<\/div><\/div><\/div><\/div><\/div><div class=\"eut-background-wrapper\"><\/div><\/div><div class=\"eut-section eut-row-section eut-fullwidth-background eut-padding-top-1x eut-padding-bottom-1x eut-bg-none\"><div class=\"eut-container\"><div class=\"eut-row eut-bookmark eut-columns-gap-30\"><div class=\"eut-column wpb_column eut-column-1\" ><div class=\"eut-column-wrapper\" ><div class=\"eut-element eut-divider\" style=\"\"><div class=\"eut-line-divider eut-border\"><\/div><\/div><\/div><\/div><\/div><\/div><div class=\"eut-background-wrapper\"><\/div><\/div><div class=\"eut-section eut-row-section eut-fullwidth-background eut-padding-top-1x eut-padding-bottom-1x eut-bg-none eut-custom-height eut-middle-content\" data-mobile-equal-columns=\"false\"><div class=\"eut-container\"><div class=\"eut-row eut-bookmark eut-columns-gap-30\"><div class=\"eut-column wpb_column eut-column-1-4 eut-parallax-effect\"  data-parallax-effect=\"vertical-parallax\" data-sensitive=\"low\" data-limit=\"1x\" data-invert=\"false\" data-tablet-portrait-parallax-effect=\"none\" data-mobile-parallax-effect=\"none\"><div class=\"eut-column-wrapper vc_custom_1566763967261 eut-flex eut-flex-position-middle\" ><div class=\"eut-flex-column-wrapper\"><div class=\"eut-element eut-image eut-animated-item eut-fade-in-left eut-duration-normal eut-align-center\" style=\"\" data-delay=\"200\">  <div class=\"eut-image-wrapper\"><img loading=\"lazy\" decoding=\"async\" width=\"320\" height=\"420\" src=\"https:\/\/enseso.com\/wp-content\/uploads\/2019\/07\/drink.svg\" class=\"attachment-full size-full\" alt=\"\" \/>   <\/div><\/div><\/div><\/div><\/div><div class=\"eut-column wpb_column eut-column-1-2\" ><div class=\"eut-column-wrapper eut-flex eut-flex-position-middle\" ><div class=\"eut-flex-column-wrapper\"><h3 class=\"eut-element eut-title eut-align-left eut-animated-item eut-fade-in-right eut-duration-normal eut-h3\" style=\"\" data-delay=\"200\"><span>Industrija pi\u0107a<span class=\"eut-title-line eut-bg-primary-1\" style=\"width: 50px;height: 2px;\"><\/span><\/span><\/h3><div class=\"eut-element eut-text eut-animated-item eut-fade-in-right eut-duration-normal\" data-delay=\"200\">\r\n\t\t\t<p>Vino i alkoholna pi\u0107a posebno trpe posljedice krivotvorenja. Lo\u0161a kvaliteta ili jo\u0161 gore, unos opasnih tvari, \u010desto uzrokuju nepovratnu reputacijsku \u0161tetu. Verifikacija robne marke beskompromisnom sljedivosti  i dokaz o manipuliranju ambala\u017eom pru\u017eaju sloj jamstva potro\u0161a\u010dima da je proizvod originalan i u originalnoj ambala\u017ei. Digitalno-fizi\u010dko su\u010delje s proizvodom stvara personalizirani odnos 1: 1 izme\u0111u robne marke i potro\u0161a\u010da. Donesite samo svoj pametni telefon.<\/p>\n\r\n\t\t<\/div>\r\n\t<\/div><\/div><\/div><div class=\"eut-column wpb_column eut-column-1-4\" ><div class=\"eut-column-wrapper\" ><\/div><\/div><\/div><\/div><div class=\"eut-background-wrapper\"><\/div><\/div><div class=\"eut-section eut-row-section eut-fullwidth-background eut-padding-top-1x eut-padding-bottom-1x eut-bg-none\"><div class=\"eut-container\"><div class=\"eut-row eut-bookmark eut-columns-gap-30\"><div class=\"eut-column wpb_column eut-column-1\" ><div class=\"eut-column-wrapper\" ><div class=\"eut-element eut-divider\" style=\"\"><div class=\"eut-line-divider eut-border\"><\/div><\/div><\/div><\/div><\/div><\/div><div class=\"eut-background-wrapper\"><\/div><\/div><div class=\"eut-section eut-row-section eut-fullwidth-background eut-padding-top-1x eut-padding-bottom-1x eut-bg-none eut-custom-height eut-middle-content\" data-mobile-equal-columns=\"false\"><div class=\"eut-container\"><div class=\"eut-row eut-bookmark eut-columns-gap-30\"><div class=\"eut-column wpb_column eut-column-1-3 eut-parallax-effect\"  data-parallax-effect=\"vertical-parallax\" data-sensitive=\"low\" data-limit=\"1x\" data-invert=\"false\" data-tablet-portrait-parallax-effect=\"none\" data-mobile-parallax-effect=\"none\"><div class=\"eut-column-wrapper eut-flex eut-flex-position-middle\" ><div class=\"eut-flex-column-wrapper\"><\/div><\/div><\/div><div class=\"eut-column wpb_column eut-column-1-3 eut-parallax-effect\"  data-parallax-effect=\"vertical-parallax\" data-sensitive=\"low\" data-limit=\"1x\" data-invert=\"false\" data-tablet-portrait-parallax-effect=\"none\" data-mobile-parallax-effect=\"none\"><div class=\"eut-column-wrapper vc_custom_1566764046460 eut-flex eut-flex-position-middle\" ><div class=\"eut-flex-column-wrapper\"><div class=\"eut-element eut-image eut-animated-item eut-fade-in-left eut-duration-normal eut-align-center\" style=\"\" data-delay=\"200\">  <div class=\"eut-image-wrapper\"><img loading=\"lazy\" decoding=\"async\" width=\"320\" height=\"254\" src=\"https:\/\/enseso.com\/wp-content\/uploads\/2019\/07\/toy.svg\" class=\"attachment-full size-full\" alt=\"\" \/>   <\/div><\/div><\/div><\/div><\/div><div class=\"eut-column wpb_column eut-column-1-3\" ><div class=\"eut-column-wrapper\" ><h3 class=\"eut-element eut-title eut-align-left eut-animated-item eut-fade-in-right eut-duration-normal eut-h3\" style=\"\" data-delay=\"200\"><span>Industrija igra\u010daka<span class=\"eut-title-line eut-bg-primary-1\" style=\"width: 50px;height: 2px;\"><\/span><\/span><\/h3><div class=\"eut-row-inner eut-bookmark\">\r\n\t\t<div class=\"eut-column-inner wpb_column eut-column-1\">\r\n\t\t\t<div class=\"eut-column-wrapper-inner\">\r\n\t\t\t<div class=\"eut-element eut-text eut-animated-item eut-fade-in-right eut-duration-normal\" data-delay=\"200\">\r\n\t\t\t<p>Bez obzira na cijenu, mora se omogu\u0107iti jamstvo da igra\u010dke potje\u010du od legitimnih dobavlja\u010da \u010diji su proizvodni postupci u skladu sa svim regulativama o opasnim materijalima i sigurnosnim propisima. Sljedivost mora biti standardizirana i postati standard.<\/p>\n\r\n\t\t<\/div>\r\n\t\r\n\t\t\t<\/div>\r\n\t\t<\/div>\r\n\t<\/div><\/div><\/div><\/div><\/div><div class=\"eut-background-wrapper\"><\/div><\/div><div class=\"eut-section eut-row-section eut-fullwidth-background eut-padding-top-1x eut-padding-bottom-1x eut-bg-none\"><div class=\"eut-container\"><div class=\"eut-row eut-bookmark eut-columns-gap-30\"><div class=\"eut-column wpb_column eut-column-1\" ><div class=\"eut-column-wrapper\" ><div class=\"eut-element eut-divider\" style=\"\"><div class=\"eut-line-divider eut-border\"><\/div><\/div><\/div><\/div><\/div><\/div><div class=\"eut-background-wrapper\"><\/div><\/div><div class=\"eut-section eut-row-section eut-fullwidth-background eut-padding-top-2x eut-padding-bottom-2x eut-bg-none eut-custom-height eut-middle-content\" data-mobile-equal-columns=\"false\"><div class=\"eut-container\"><div class=\"eut-row eut-bookmark eut-columns-gap-30\"><div class=\"eut-column wpb_column eut-column-1-4 eut-parallax-effect\"  data-parallax-effect=\"vertical-parallax\" data-sensitive=\"low\" data-limit=\"1x\" data-invert=\"false\" data-tablet-portrait-parallax-effect=\"none\" data-mobile-parallax-effect=\"none\"><div class=\"eut-column-wrapper vc_custom_1566764303172 eut-flex eut-flex-position-middle\" ><div class=\"eut-flex-column-wrapper\"><div class=\"eut-element eut-image eut-animated-item eut-fade-in-left eut-duration-normal eut-align-center\" style=\"\" data-delay=\"200\">  <div class=\"eut-image-wrapper\"><img loading=\"lazy\" decoding=\"async\" width=\"320\" height=\"420\" src=\"https:\/\/enseso.com\/wp-content\/uploads\/2019\/07\/luxury.svg\" class=\"attachment-full size-full\" alt=\"\" \/>   <\/div><\/div><\/div><\/div><\/div><div class=\"eut-column wpb_column eut-column-1-2\" ><div class=\"eut-column-wrapper eut-flex eut-flex-position-bottom\" ><div class=\"eut-flex-column-wrapper\"><h3 class=\"eut-element eut-title eut-align-left eut-animated-item eut-fade-in-right eut-duration-normal eut-h3\" style=\"\" data-delay=\"200\"><span>Luksuzna roba<span class=\"eut-title-line eut-bg-primary-1\" style=\"width: 50px;height: 2px;\"><\/span><\/span><\/h3><div class=\"eut-row-inner eut-bookmark\">\r\n\t\t<div class=\"eut-column-inner wpb_column eut-column-1\">\r\n\t\t\t<div class=\"eut-column-wrapper-inner\">\r\n\t\t\t<div class=\"eut-element eut-text eut-animated-item eut-fade-in-right eut-duration-normal\" data-delay=\"200\">\r\n\t\t\t<p>Nitko ne \u017eeli biti prevaren, pogotovo kada kupuje skupe predmete. A luksuzna roba jedna je od naj\u010de\u0161\u0107e krivotvorenih, zbog globalnih distribuiranih proizvodnih procesa, poroznih lanaca opskrbe i Internetske kupnje. Sustavi za sljedivost i verifikaciju proizvoda mogu ubla\u017eiti ne\u017eeljene posljedice.<\/p>\n\r\n\t\t<\/div>\r\n\t\r\n\t\t\t<\/div>\r\n\t\t<\/div>\r\n\t<\/div><\/div><\/div><\/div><div class=\"eut-column wpb_column eut-column-1-4\" ><div class=\"eut-column-wrapper\" ><\/div><\/div><\/div><\/div><div class=\"eut-background-wrapper\"><\/div><\/div><div class=\"eut-section eut-row-section eut-fullwidth-background eut-padding-top-1x eut-padding-bottom-1x eut-bg-none\"><div class=\"eut-container\"><div class=\"eut-row eut-bookmark eut-columns-gap-30\"><div class=\"eut-column wpb_column eut-column-1\" ><div class=\"eut-column-wrapper\" ><div class=\"eut-element eut-divider\" style=\"\"><div class=\"eut-line-divider eut-border\"><\/div><\/div><\/div><\/div><\/div><\/div><div class=\"eut-background-wrapper\"><\/div><\/div><div class=\"eut-section eut-row-section eut-fullwidth-background eut-padding-top-2x eut-padding-bottom-2x eut-bg-none eut-custom-height eut-middle-content\" data-mobile-equal-columns=\"false\"><div class=\"eut-container\"><div class=\"eut-row eut-bookmark eut-columns-gap-30\"><div class=\"eut-column wpb_column eut-column-1-3 eut-parallax-effect\"  data-parallax-effect=\"vertical-parallax\" data-sensitive=\"low\" data-limit=\"1x\" data-invert=\"false\" data-tablet-portrait-parallax-effect=\"none\" data-mobile-parallax-effect=\"none\"><div class=\"eut-column-wrapper eut-flex eut-flex-position-middle\" ><div class=\"eut-flex-column-wrapper\"><\/div><\/div><\/div><div class=\"eut-column wpb_column eut-column-1-3 eut-parallax-effect\"  data-parallax-effect=\"vertical-parallax\" data-sensitive=\"low\" data-limit=\"1x\" data-invert=\"false\" data-tablet-portrait-parallax-effect=\"none\" data-mobile-parallax-effect=\"none\"><div class=\"eut-column-wrapper vc_custom_1566764360412 eut-flex eut-flex-position-middle\" ><div class=\"eut-flex-column-wrapper\"><div class=\"eut-element eut-image eut-animated-item eut-fade-in-left eut-duration-normal eut-align-center\" style=\"\" data-delay=\"200\">  <div class=\"eut-image-wrapper\"><img loading=\"lazy\" decoding=\"async\" width=\"320\" height=\"254\" src=\"https:\/\/enseso.com\/wp-content\/uploads\/2019\/07\/automotive.svg\" class=\"attachment-full size-full\" alt=\"\" \/>   <\/div><\/div><\/div><\/div><\/div><div class=\"eut-column wpb_column eut-column-1-3\" ><div class=\"eut-column-wrapper\" ><h3 class=\"eut-element eut-title eut-align-left eut-animated-item eut-fade-in-right eut-duration-normal eut-h3\" style=\"\" data-delay=\"200\"><span>Automobilski dijelovi<span class=\"eut-title-line eut-bg-primary-1\" style=\"width: 50px;height: 2px;\"><\/span><\/span><\/h3><div class=\"eut-row-inner eut-bookmark\">\r\n\t\t<div class=\"eut-column-inner wpb_column eut-column-1\">\r\n\t\t\t<div class=\"eut-column-wrapper-inner\">\r\n\t\t\t<div class=\"eut-element eut-text eut-animated-item eut-fade-in-right eut-duration-normal\" data-delay=\"200\">\r\n\t\t\t<p>Automobilska industrija, osobito rezervni dijelovi, podlo\u017eni su krivotvorenju, najvi\u0161e na Internetu, ali i u legitimnom lancu opskrbe. Alati za sljedivost i verifikaciju mogu ubla\u017eiti ne\u017eeljene posljedice.<\/p>\n\r\n\t\t<\/div>\r\n\t\r\n\t\t\t<\/div>\r\n\t\t<\/div>\r\n\t<\/div><\/div><\/div><\/div><\/div><div class=\"eut-background-wrapper\"><\/div><\/div><div class=\"eut-section eut-row-section eut-fullwidth-background eut-padding-top-3x eut-padding-bottom-3x eut-bg-none eut-headings-light\"  style=\"background-color:rgb(3,78,144);background-color:rgba(3,78,144,0.9);background: linear-gradient(90deg,rgba(3,78,144,0.9) 0%,rgba(25,180,215,0.9) 100%);color:#ffffff;\"><div class=\"eut-container\"><div class=\"eut-row eut-bookmark eut-columns-gap-30\"><div class=\"eut-column wpb_column eut-column-1 eut-headings-light\"  style=\"color:#ffffff;\" ><div class=\"eut-column-wrapper\" ><div class=\"eut-element eut-box-icon eut-medium eut-top-icon eut-align-center eut-with-shape\" style=\"\"><a href=\"https:\/\/enseso.com\/hr\/contact-us\/\"><div class=\"eut-wrapper-icon eut-simple eut-circle eut-bg-primary-1\"><i class=\"eut-text-white smp-icon-arrow-right\"><\/i><\/div><div class=\"eut-box-content\"><div class=\"eut-box-title-wrapper\"><h3 class=\"eut-box-title eut-h2\">Kontaktirajte nas<\/h3><\/div><\/div><\/a><\/div><\/div><\/div><\/div><\/div><div class=\"eut-background-wrapper\"><\/div><\/div>","protected":false},"excerpt":{"rendered":"Traceability So what\u2019s this all about? Companies have a lot of questions about serialization concepts. How will they affect my business? How much will they cost? Is it all about technology? How will they affect the different departments within my business? Who will help with implementation? There are so many questions and so little time. [...]","protected":false},"author":1,"featured_media":0,"parent":0,"menu_order":0,"comment_status":"open","ping_status":"closed","template":"","meta":{"inline_featured_image":false,"_monsterinsights_skip_tracking":false,"_monsterinsights_sitenote_active":false,"_monsterinsights_sitenote_note":"","_monsterinsights_sitenote_category":0,"footnotes":""},"class_list":["post-65","page","type-page","status-publish","hentry"],"_links":{"self":[{"href":"https:\/\/enseso.com\/hr\/wp-json\/wp\/v2\/pages\/65","targetHints":{"allow":["GET"]}}],"collection":[{"href":"https:\/\/enseso.com\/hr\/wp-json\/wp\/v2\/pages"}],"about":[{"href":"https:\/\/enseso.com\/hr\/wp-json\/wp\/v2\/types\/page"}],"author":[{"embeddable":true,"href":"https:\/\/enseso.com\/hr\/wp-json\/wp\/v2\/users\/1"}],"replies":[{"embeddable":true,"href":"https:\/\/enseso.com\/hr\/wp-json\/wp\/v2\/comments?post=65"}],"version-history":[{"count":94,"href":"https:\/\/enseso.com\/hr\/wp-json\/wp\/v2\/pages\/65\/revisions"}],"predecessor-version":[{"id":4469,"href":"https:\/\/enseso.com\/hr\/wp-json\/wp\/v2\/pages\/65\/revisions\/4469"}],"wp:attachment":[{"href":"https:\/\/enseso.com\/hr\/wp-json\/wp\/v2\/media?parent=65"}],"curies":[{"name":"wp","href":"https:\/\/api.w.org\/{rel}","templated":true}]}}