{"id":4221,"date":"2021-04-23T10:54:41","date_gmt":"2021-04-23T08:54:41","guid":{"rendered":"https:\/\/enseso.com\/?page_id=4221"},"modified":"2021-07-12T19:14:44","modified_gmt":"2021-07-12T17:14:44","slug":"smart-document-framework","status":"publish","type":"page","link":"https:\/\/enseso.com\/hr\/smart-document-framework\/","title":{"rendered":"Platorma pametnih dokumenata"},"content":{"rendered":"<div class=\"eut-section eut-row-section eut-fullwidth-background eut-padding-top-6x eut-padding-bottom-6x eut-bg-animated eut-headings-light eut-separator-fullheight\"  style=\"color:#ffffff;\"><div class=\"eut-container\"><div class=\"eut-row eut-bookmark eut-columns-gap-30\"><div class=\"eut-column wpb_column eut-column-1 eut-tablet-sm-column-1-6\" ><div class=\"eut-column-wrapper\" ><h1 class=\"eut-element eut-title eut-align-center eut-animated-item eut-fade-in-left-big eut-duration-normal eut-h1\" style=\"margin-bottom: 0px;\" data-delay=\"200\"><span>Platforma<\/span><\/h1><h1 class=\"eut-element eut-title eut-align-center eut-animated-item eut-fade-in-right-big eut-duration-normal eut-h1\" style=\"\" data-delay=\"400\"><span>Pametnih Dokumenata<\/span><\/h1><div class=\"eut-element eut-text eut-subtitle eut-animated-item eut-fade-in-up eut-duration-normal\" data-delay=\"400\">\r\n\t\t\t<p style=\"text-align: center;\">Sigurnosni sustav za kreiranje i provjeru autenti\u010dnosti pametnih dokumenata<\/p>\n\r\n\t\t<\/div>\r\n\t<\/div><\/div><\/div><\/div><div class=\"eut-background-wrapper\">  <div class=\"eut-bg-image eut-bg-image-id-3516\"   style=\"background-image: url(https:\/\/enseso.com\/wp-content\/uploads\/2019\/07\/shutterstock_546725164-1920x1280.png);\"><\/div>  <div class=\"eut-bg-overlay\" style=\"background:rgba(0,0,0,0.9); background: linear-gradient(45deg,rgba(0,0,0,0.9) 0%,rgba(0,0,0,0.23) 100%);\"><\/div><\/div><\/div><div class=\"eut-section eut-row-section eut-fullwidth-background eut-padding-top-3x eut-padding-bottom-3x eut-bg-none\"><div class=\"eut-container\"><div class=\"eut-row eut-bookmark eut-columns-gap-30\"><div class=\"eut-column wpb_column eut-column-1\" ><div class=\"eut-column-wrapper\" ><h2 class=\"eut-element eut-title eut-align-center eut-h5\" style=\"\"><span><br>\n<p style=\"text-align: left;\">Platforma pametnih dokumenata omogu\u0107uje vam kreiranje neporecive verziju ispisanog dokumenta odnosno njegov digitalni blizanac sa offline ili online provjerom autenti\u010dnosti kori\u0161tenjem mobilne aplikacije.<br>\n<\/span><\/h2><\/div><\/div><\/div><\/div><div class=\"eut-background-wrapper\"><\/div><\/div><div class=\"eut-section eut-row-section eut-fullwidth-background eut-padding-bottom-1x eut-bg-none eut-headings-light\"  style=\"background-color:#00c4bd;color:rgb(255,255,255);color:rgba(255,255,255,0.8);\"><div class=\"eut-separator-top\"><svg class=\"eut-separator eut-tilt-left-separator\" xmlns=\"http:\/\/www.w3.org\/2000\/svg\" version=\"1.1\" fill=\"#ffffff\" width=\"100%\" height=\"60\" viewbox=\"0 0 1920 90\" preserveaspectratio=\"none\"><polygon class=\"fil0\" points=\"1920,90 0,90 1920,0 \"\/><\/svg><\/div><div class=\"eut-container\"><div class=\"eut-row eut-bookmark eut-columns-gap-30\"><div class=\"eut-column wpb_column eut-column-1 eut-tablet-sm-column-1-2\" ><div class=\"eut-column-wrapper vc_custom_1590428465624\" ><div class=\"eut-row-inner eut-bookmark\">\r\n\t\t<div class=\"eut-column-inner wpb_column eut-column-2-3\">\r\n\t\t\t<div class=\"eut-column-wrapper-inner\">\r\n\t\t\t<h3 class=\"eut-element eut-title eut-align-left eut-h4\" style=\"margin-bottom: 24px;\"><span><span style=\"font-size: 18pt; font-family: arial, helvetica, sans-serif;\">Ahitektura sustava pru\u017ea cjeloviti ekosustav za dizajn, kreiranje, potpisivanje i provjeru autenti\u010dnosti bilo kakve vrste dokumenata koji moraju biti za\u0161ti\u0107eni protiv ne\u017eeljenih promjena sadr\u017eaja. Koriste\u0107i funkcionalnosti standardne PKI infrastrukture promjena sadr\u017eaja dokumenta je nemogu\u0107a.<\/span><\/span><\/h3>\r\n\t\t\t<\/div>\r\n\t\t<\/div>\r\n\t\r\n\t\t<div class=\"eut-column-inner wpb_column eut-column-1-3\">\r\n\t\t\t<div class=\"eut-column-wrapper-inner\">\r\n\t\t\t\r\n\t\t\t<\/div>\r\n\t\t<\/div>\r\n\t<\/div><\/div><\/div><div class=\"eut-column wpb_column eut-column-1\" ><div class=\"eut-column-wrapper\" ><div class=\"eut-element eut-image eut-align-center\" style=\"\">  <div class=\"eut-image-wrapper\"><img loading=\"lazy\" decoding=\"async\" width=\"768\" height=\"577\" src=\"https:\/\/enseso.com\/wp-content\/uploads\/2021\/04\/das_hr.jpg\" class=\"attachment-medium_large size-medium_large\" alt=\"\" srcset=\"https:\/\/enseso.com\/wp-content\/uploads\/2021\/04\/das_hr.jpg 800w, https:\/\/enseso.com\/wp-content\/uploads\/2021\/04\/das_hr-300x224.jpg 300w, https:\/\/enseso.com\/wp-content\/uploads\/2021\/04\/das_hr-768x574.jpg 768w, https:\/\/enseso.com\/wp-content\/uploads\/2021\/04\/das_hr-16x12.jpg 16w, https:\/\/enseso.com\/wp-content\/uploads\/2021\/04\/das_hr-560x420.jpg 560w\" sizes=\"auto, (max-width: 768px) 100vw, 768px\" \/>   <\/div><\/div><\/div><\/div><\/div><\/div><div class=\"eut-background-wrapper\"><\/div><div class=\"eut-separator-bottom\"><svg class=\"eut-separator eut-tilt-left-separator\" xmlns=\"http:\/\/www.w3.org\/2000\/svg\" version=\"1.1\" fill=\"#1fc4be\" width=\"100%\" height=\"60\" viewbox=\"0 0 1920 90\" preserveaspectratio=\"none\"><polygon class=\"fil0\" points=\"0,90 1920,90 0,0 \"\/><\/svg><\/div><\/div><div class=\"eut-section eut-row-section eut-fullwidth-background eut-padding-top-2x eut-padding-bottom-2x eut-bg-none eut-custom-height eut-middle-content\" data-mobile-equal-columns=\"false\"><div class=\"eut-container\"><div class=\"eut-row eut-bookmark eut-columns-gap-30\"><div class=\"eut-column wpb_column eut-column-1-3 eut-tablet-sm-column-1-2\" ><div class=\"eut-column-wrapper vc_custom_1562861204821 eut-flex eut-flex-position-bottom\" ><div class=\"eut-flex-column-wrapper\"><h3 class=\"eut-element eut-title eut-align-left eut-h4\" style=\"margin-bottom: 24px;\"><span>Pametni Dokumenti<\/span><\/h3><\/div><\/div><\/div><div class=\"eut-column wpb_column eut-column-2-3\" ><div class=\"eut-column-wrapper vc_custom_1565725281763 eut-drop-shadow\" ><div class=\"eut-element eut-text\">\r\n\t\t\t<p><span class=\"fontstyle0\">Pametni dokument mo\u017ee biti u ispisanom obliku ili u potpunosti digitalan i pohranjen, npr. na pametnom telefonu ili na serveru u oblaku.<br \/>\n<\/span><span class=\"fontstyle0\">Na taj na\u010din je mogu\u0107e eliminirati prevare i falsificiranje papirnatih dokumenata, koriste\u0107i njegov \"digitalni blizanac\" koji mo\u017ee biti provjeren i validiran na pouzdan i povjerljiv na\u010din.<\/span><\/p>\n\r\n\t\t<\/div>\r\n\t<\/div><\/div><\/div><\/div><div class=\"eut-background-wrapper\"><\/div><\/div><div class=\"eut-section eut-row-section eut-fullwidth-background eut-padding-top-3x eut-padding-bottom-3x eut-bg-none eut-custom-height eut-middle-content\" data-mobile-equal-columns=\"false\"  style=\"background-color:#eaeaea;\"><div class=\"eut-separator-top\"><svg class=\"eut-separator eut-tilt-left-separator\" xmlns=\"http:\/\/www.w3.org\/2000\/svg\" version=\"1.1\" fill=\"#ffffff\" width=\"100%\" height=\"120\" viewbox=\"0 0 1920 90\" preserveaspectratio=\"none\"><polygon class=\"fil0\" points=\"0,90 1920,90 0,0 \"\/><\/svg><\/div><div class=\"eut-container\"><div class=\"eut-row eut-bookmark eut-columns-gap-30\"><div class=\"eut-column wpb_column eut-column-1-2\" ><div class=\"eut-column-wrapper\" ><h3 class=\"eut-element eut-title eut-align-left eut-h4\" style=\"margin-bottom: 24px;\"><span>Provjera autenti\u010dnosti<\/span><\/h3><\/div><\/div><div class=\"eut-column wpb_column eut-column-1-2\" ><div class=\"eut-column-wrapper vc_custom_1590428899113 eut-drop-shadow eut-flex eut-flex-position-middle\" ><div class=\"eut-flex-column-wrapper\"><div class=\"eut-element eut-text\">\r\n\t\t\t<p>Element koji se dodaje ispisanom dokumentu je u obliku 2D barkoda koji pohranjuje sve relevantne podatke o dokumentu u digitalnom obliku i elektroni\u010dki potpis koriste\u0107i PKI infrastrukturu izdavatelja dokumenta kako bi se omogu\u0107ila provjera autenti\u010dnosti. Tim pristupom je mogu\u0107e provjeriti autenti\u010dnost dokumenta u potpuno offline modu sa mobilnom aplikacijom ili u online modu koriste\u0107i API.<\/p>\n\r\n\t\t<\/div>\r\n\t<\/div><\/div><\/div><\/div><\/div><div class=\"eut-background-wrapper\"><\/div><div class=\"eut-separator-bottom\"><svg class=\"eut-separator eut-tilt-left-separator\" xmlns=\"http:\/\/www.w3.org\/2000\/svg\" version=\"1.1\" fill=\"#ffffff\" width=\"100%\" height=\"90\" viewbox=\"0 0 1920 90\" preserveaspectratio=\"none\"><polygon class=\"fil0\" points=\"0,90 1920,90 0,0 \"\/><\/svg><\/div><\/div><div class=\"eut-section eut-row-section eut-fullwidth-background eut-padding-top-2x eut-padding-bottom-3x eut-bg-none eut-custom-height eut-middle-content\" data-mobile-equal-columns=\"false\"  style=\"background-color:#ffffff;\"><div class=\"eut-container\"><div class=\"eut-row eut-bookmark eut-columns-gap-30\"><div class=\"eut-column wpb_column eut-column-1-3\" ><div class=\"eut-column-wrapper\" ><h3 class=\"eut-element eut-title eut-align-left eut-h4\" style=\"margin-bottom: 24px;\"><span>Karakteristike sustava<\/span><\/h3><\/div><\/div><div class=\"eut-column wpb_column eut-column-2-3\" ><div class=\"eut-column-wrapper vc_custom_1619174490550 eut-drop-shadow eut-flex eut-flex-position-middle\" ><div class=\"eut-flex-column-wrapper\"><div class=\"eut-element eut-text\">\r\n\t\t\t<ul>\n<li>klju\u010d u ruke za kreiranje, potpisivanje i provjeru pametnih dokumenata<\/li>\n<li>isporuka sustava u privatnom oblaku ili licenciran<\/li>\n<li>integration of client&#8217;s PKI infrastructure of choice<\/li>\n<li>podr\u0161ka za razli\u010dite 2D nosa\u010de podataka - QR kod, Datamatrix, Aztec Code<\/li>\n<li>aplikacije za provjeru za Android i iOS<\/li>\n<li>REST API za online provjeru pametnih dokumenata<\/li>\n<li>formati zapisa XML, JSON, HL7 FHIR, CBOR, COSE<\/li>\n<li>uskladivost sa WHO i EU pravilima za kreiranje pametnih certifikata \/ digitalnih zelenih potvrda<\/li>\n<\/ul>\n\r\n\t\t<\/div>\r\n\t<\/div><\/div><\/div><\/div><\/div><div class=\"eut-background-wrapper\"><\/div><\/div><div class=\"eut-section eut-row-section eut-fullwidth-background eut-padding-top-2x eut-padding-bottom-1x eut-bg-none eut-custom-height eut-middle-content\" data-mobile-equal-columns=\"false\"  style=\"background-color:#02c4e2;\"><div class=\"eut-container\"><div class=\"eut-row eut-bookmark eut-columns-gap-30\"><div class=\"eut-column wpb_column eut-column-1-6\" ><div class=\"eut-column-wrapper eut-flex eut-flex-position-middle\" ><div class=\"eut-flex-column-wrapper\"><h2 style=\"font-size: 24px;color: #ffffff;text-align: left\" class=\"vc_custom_heading\" >Prezentacija<\/h2><\/div><\/div><\/div><div class=\"eut-column wpb_column eut-column-2-3\" ><div class=\"eut-column-wrapper\" ><div class=\"eut-row-inner eut-bookmark\">\r\n\t\t<div class=\"eut-column-inner wpb_column eut-column-1-3\">\r\n\t\t\t<div class=\"eut-column-wrapper-inner vc_custom_1564335881732\">\r\n\t\t\t<h2 style=\"font-size: 22px;color: #ffffff;text-align: center;font-family:Open Sans;font-weight:600;font-style:normal\" class=\"vc_custom_heading\" >Grafi\u010dko su\u010delje<\/h2>\r\n\t\t\t<\/div>\r\n\t\t<\/div>\r\n\t\r\n\t\t<div class=\"eut-column-inner wpb_column eut-column-1-3\">\r\n\t\t\t<div class=\"eut-column-wrapper-inner vc_custom_1564336016195\">\r\n\t\t\t<h2 style=\"font-size: 22px;color: #ffffff;text-align: center;font-family:Open Sans;font-weight:600;font-style:normal\" class=\"vc_custom_heading\" >API (XML\/JSON)<\/h2>\r\n\t\t\t<\/div>\r\n\t\t<\/div>\r\n\t\r\n\t\t<div class=\"eut-column-inner wpb_column eut-column-1-3\">\r\n\t\t\t<div class=\"eut-column-wrapper-inner vc_custom_1564336030131\">\r\n\t\t\t<h2 style=\"font-size: 22px;color: #ffffff;text-align: center;font-family:Open Sans;font-weight:600;font-style:normal\" class=\"vc_custom_heading\" >Mobilno su\u010delje<\/h2>\r\n\t\t\t<\/div>\r\n\t\t<\/div>\r\n\t<\/div><\/div><\/div><div class=\"eut-column wpb_column eut-column-1-6\" ><div class=\"eut-column-wrapper eut-flex eut-flex-position-middle\" ><div class=\"eut-flex-column-wrapper\"><h2 style=\"font-size: 24px;color: #ffffff;text-align: right\" class=\"vc_custom_heading\" >Korisnici \/ prava<\/h2><\/div><\/div><\/div><\/div><\/div><div class=\"eut-background-wrapper\"><\/div><\/div><div class=\"eut-section eut-row-section eut-fullwidth-background eut-padding-top-1x eut-padding-bottom-1x eut-bg-none eut-custom-height eut-middle-content\" data-mobile-equal-columns=\"false\"  style=\"background-color:#2bcae2;\"><div class=\"eut-container\"><div class=\"eut-row eut-bookmark eut-columns-gap-30\"><div class=\"eut-column wpb_column eut-column-1-6\" ><div class=\"eut-column-wrapper eut-flex eut-flex-position-middle\" ><div class=\"eut-flex-column-wrapper\"><h2 style=\"font-size: 24px;color: #ffffff;text-align: left\" class=\"vc_custom_heading\" >Poslovna logika<\/h2><\/div><\/div><\/div><div class=\"eut-column wpb_column eut-column-2-3\" ><div class=\"eut-column-wrapper\" ><div class=\"eut-row-inner eut-bookmark\">\r\n\t\t<div class=\"eut-column-inner wpb_column eut-column-1-2\">\r\n\t\t\t<div class=\"eut-column-wrapper-inner vc_custom_1564336623705\">\r\n\t\t\t<h2 style=\"font-size: 22px;color: #ffffff;text-align: center;font-family:Open Sans;font-weight:600;font-style:normal\" class=\"vc_custom_heading\" >Integracijski servisi<\/h2>\r\n\t\t\t<\/div>\r\n\t\t<\/div>\r\n\t\r\n\t\t<div class=\"eut-column-inner wpb_column eut-column-1-2\">\r\n\t\t\t<div class=\"eut-column-wrapper-inner vc_custom_1564336016195\">\r\n\t\t\t<h2 style=\"font-size: 22px;color: #ffffff;text-align: center;font-family:Open Sans;font-weight:600;font-style:normal\" class=\"vc_custom_heading\" >Servis za kreiranje dokumenata<\/h2>\r\n\t\t\t<\/div>\r\n\t\t<\/div>\r\n\t<\/div><div class=\"eut-row-inner eut-bookmark\">\r\n\t\t<div class=\"eut-column-inner wpb_column eut-column-1-2\">\r\n\t\t\t<div class=\"eut-column-wrapper-inner vc_custom_1564336655361\">\r\n\t\t\t<h2 style=\"font-size: 22px;color: #ffffff;text-align: center;font-family:Open Sans;font-weight:600;font-style:normal\" class=\"vc_custom_heading\" >Izvje\u0161tajni servis<\/h2>\r\n\t\t\t<\/div>\r\n\t\t<\/div>\r\n\t\r\n\t\t<div class=\"eut-column-inner wpb_column eut-column-1-2\">\r\n\t\t\t<div class=\"eut-column-wrapper-inner vc_custom_1564336669105\">\r\n\t\t\t<h2 style=\"font-size: 22px;color: #ffffff;text-align: center;font-family:Open Sans;font-weight:600;font-style:normal\" class=\"vc_custom_heading\" >Administracijski servis<\/h2>\r\n\t\t\t<\/div>\r\n\t\t<\/div>\r\n\t<\/div><h2 style=\"font-size: 22px;color: #ffffff;text-align: center;font-family:Open Sans;font-weight:600;font-style:normal\" class=\"vc_custom_heading vc_custom_1619188980767\" >PKI Infrastruktura<\/h2><\/div><\/div><div class=\"eut-column wpb_column eut-column-1-6\" ><div class=\"eut-column-wrapper eut-flex eut-flex-position-middle\" ><div class=\"eut-flex-column-wrapper\"><h2 style=\"font-size: 24px;color: #ffffff;text-align: right\" class=\"vc_custom_heading\" >Korisnici \/ prava<\/h2><\/div><\/div><\/div><\/div><\/div><div class=\"eut-background-wrapper\"><\/div><\/div><div class=\"eut-section eut-row-section eut-fullwidth-background eut-padding-top-1x eut-padding-bottom-1x eut-bg-none eut-custom-height eut-middle-content\" data-mobile-equal-columns=\"false\"  style=\"background-color:#2bcae2;\"><div class=\"eut-container\"><div class=\"eut-row eut-bookmark eut-columns-gap-30\"><div class=\"eut-column wpb_column eut-column-1-6\" ><div class=\"eut-column-wrapper eut-flex eut-flex-position-middle\" ><div class=\"eut-flex-column-wrapper\"><h2 style=\"font-size: 24px;color: #ffffff;text-align: left\" class=\"vc_custom_heading\" >Podaci<\/h2><\/div><\/div><\/div><div class=\"eut-column wpb_column eut-column-2-3\" ><div class=\"eut-column-wrapper\" ><div class=\"eut-row-inner eut-bookmark\">\r\n\t\t<div class=\"eut-column-inner wpb_column eut-column-1\">\r\n\t\t\t<div class=\"eut-column-wrapper-inner vc_custom_1564336623705\">\r\n\t\t\t<h2 style=\"font-size: 22px;color: #ffffff;text-align: center;font-family:Open Sans;font-weight:600;font-style:normal\" class=\"vc_custom_heading\" >Razina pristupa podacima<\/h2>\r\n\t\t\t<\/div>\r\n\t\t<\/div>\r\n\t<\/div><div class=\"eut-row-inner eut-bookmark\">\r\n\t\t<div class=\"eut-column-inner wpb_column eut-column-1\">\r\n\t\t\t<div class=\"eut-column-wrapper-inner vc_custom_1564336623705\">\r\n\t\t\t<h2 style=\"font-size: 22px;color: #ffffff;text-align: center;font-family:Open Sans;font-weight:600;font-style:normal\" class=\"vc_custom_heading\" >RDBMS<\/h2>\r\n\t\t\t<\/div>\r\n\t\t<\/div>\r\n\t<\/div><\/div><\/div><div class=\"eut-column wpb_column eut-column-1-6\" ><div class=\"eut-column-wrapper eut-flex eut-flex-position-middle\" ><div class=\"eut-flex-column-wrapper\"><h2 style=\"font-size: 24px;color: #ffffff;text-align: right\" class=\"vc_custom_heading\" >Audit Trail<\/h2><\/div><\/div><\/div><\/div><\/div><div class=\"eut-background-wrapper\"><\/div><\/div><div class=\"eut-section eut-row-section eut-fullwidth-background eut-padding-top-4x eut-padding-bottom-4x eut-bg-none\"><div class=\"eut-container\"><div class=\"eut-row eut-bookmark eut-columns-gap-30\"><div class=\"eut-column wpb_column eut-column-1\" ><div class=\"eut-column-wrapper\" ><h3 class=\"eut-element eut-title eut-align-center eut-h3\" style=\"margin-bottom: 0px;\"><span><a href=\"https:\/\/enseso.com\/hr\/contact-us\/\">Kontaktirajte nas<\/a><\/span><\/h3><h3 class=\"eut-element eut-title eut-align-center eut-small-text\" style=\"\"><span><span style=\"color: #999999;\">NE OKLIJEVAJTE AKO TREBATE DODATNE INFORMACIJE<\/span><\/span><\/h3><\/div><\/div><\/div><\/div><div class=\"eut-background-wrapper\"><\/div><\/div>","protected":false},"excerpt":{"rendered":"SmartDocument Framework Secure system for generation and verification of smart document authenticity The document authentication system allows you to create a tamper-proof version of a printed document or its digital twin with offline or online authenticity verification using the mobile application. System architecture provides ecosystem to design, create, sign and verify authenticity of any kind [...]","protected":false},"author":1,"featured_media":0,"parent":0,"menu_order":0,"comment_status":"open","ping_status":"closed","template":"","meta":{"inline_featured_image":false,"_monsterinsights_skip_tracking":false,"_monsterinsights_sitenote_active":false,"_monsterinsights_sitenote_note":"","_monsterinsights_sitenote_category":0,"footnotes":""},"class_list":["post-4221","page","type-page","status-publish","hentry"],"_links":{"self":[{"href":"https:\/\/enseso.com\/hr\/wp-json\/wp\/v2\/pages\/4221","targetHints":{"allow":["GET"]}}],"collection":[{"href":"https:\/\/enseso.com\/hr\/wp-json\/wp\/v2\/pages"}],"about":[{"href":"https:\/\/enseso.com\/hr\/wp-json\/wp\/v2\/types\/page"}],"author":[{"embeddable":true,"href":"https:\/\/enseso.com\/hr\/wp-json\/wp\/v2\/users\/1"}],"replies":[{"embeddable":true,"href":"https:\/\/enseso.com\/hr\/wp-json\/wp\/v2\/comments?post=4221"}],"version-history":[{"count":32,"href":"https:\/\/enseso.com\/hr\/wp-json\/wp\/v2\/pages\/4221\/revisions"}],"predecessor-version":[{"id":4278,"href":"https:\/\/enseso.com\/hr\/wp-json\/wp\/v2\/pages\/4221\/revisions\/4278"}],"wp:attachment":[{"href":"https:\/\/enseso.com\/hr\/wp-json\/wp\/v2\/media?parent=4221"}],"curies":[{"name":"wp","href":"https:\/\/api.w.org\/{rel}","templated":true}]}}