{"id":4078,"date":"2020-09-15T09:40:47","date_gmt":"2020-09-15T07:40:47","guid":{"rendered":"https:\/\/new.enseso.com\/?page_id=4078"},"modified":"2024-09-03T09:04:06","modified_gmt":"2024-09-03T07:04:06","slug":"iot-sensors","status":"publish","type":"page","link":"https:\/\/enseso.com\/hr\/iot-sensors\/","title":{"rendered":"ENIOT IoT Senzori"},"content":{"rendered":"<div class=\"eut-section eut-row-section eut-fullwidth-background eut-padding-top-6x eut-padding-bottom-6x eut-bg-animated eut-headings-light eut-separator-fullheight\"  style=\"color:#ffffff;\"><div class=\"eut-container\"><div class=\"eut-row eut-bookmark eut-columns-gap-30\"><div class=\"eut-column wpb_column eut-column-1 eut-tablet-sm-column-1-6\" ><div class=\"eut-column-wrapper\" ><h1 class=\"eut-element eut-title eut-align-center eut-animated-item eut-fade-in-left-big eut-duration-normal eut-h1\" style=\"margin-bottom: 0px;\" data-delay=\"200\"><span>ENIOT<\/span><\/h1><h1 class=\"eut-element eut-title eut-align-center eut-animated-item eut-fade-in-right-big eut-duration-normal eut-h1\" style=\"\" data-delay=\"400\"><span>IoT Senzori<\/span><\/h1><div class=\"eut-element eut-text eut-subtitle eut-animated-item eut-fade-in-up eut-duration-normal\" data-delay=\"400\">\r\n\t\t\t<p style=\"text-align: center;\">Okoli\u0161ni senzori za oboga\u0107ivanje doga\u0111aja sljedivosti<\/p>\n\r\n\t\t<\/div>\r\n\t<\/div><\/div><\/div><\/div><div class=\"eut-background-wrapper\">  <div class=\"eut-bg-image eut-bg-image-id-3516\"   style=\"background-image: url(https:\/\/enseso.com\/wp-content\/uploads\/2019\/07\/shutterstock_546725164-1920x1280.png);\"><\/div>  <div class=\"eut-bg-overlay\" style=\"background:rgba(0,0,0,0.9); background: linear-gradient(45deg,rgba(0,0,0,0.9) 0%,rgba(0,0,0,0.23) 100%);\"><\/div><\/div><\/div><div class=\"eut-section eut-row-section eut-fullwidth-background eut-padding-top-3x eut-padding-bottom-3x eut-bg-none\"><div class=\"eut-container\"><div class=\"eut-row eut-bookmark eut-columns-gap-30\"><div class=\"eut-column wpb_column eut-column-1\" ><div class=\"eut-column-wrapper\" ><h2 class=\"eut-element eut-title eut-align-center eut-h5\" style=\"\"><span>Paleta ENIOT senzora pru\u017ea dodatne podatke o atributima koji se mogu povezati s osnovnim informacijama o sljedivosti radi maksimalne sigurnosti i pouzdanosti podataka u lancu opskrbe.<\/span><\/h2><div class=\"eut-element eut-image eut-align-center\" style=\"\">  <div class=\"eut-image-wrapper\"><img loading=\"lazy\" decoding=\"async\" width=\"300\" height=\"165\" src=\"https:\/\/enseso.com\/wp-content\/uploads\/2024\/09\/Gold_Partner_png-300x165.png\" class=\"attachment-medium size-medium\" alt=\"\" srcset=\"https:\/\/enseso.com\/wp-content\/uploads\/2024\/09\/Gold_Partner_png-300x165.png 300w, https:\/\/enseso.com\/wp-content\/uploads\/2024\/09\/Gold_Partner_png-1024x564.png 1024w, https:\/\/enseso.com\/wp-content\/uploads\/2024\/09\/Gold_Partner_png-768x423.png 768w, https:\/\/enseso.com\/wp-content\/uploads\/2024\/09\/Gold_Partner_png-16x9.png 16w, https:\/\/enseso.com\/wp-content\/uploads\/2024\/09\/Gold_Partner_png.png 1343w\" sizes=\"auto, (max-width: 300px) 100vw, 300px\" \/>   <\/div><\/div><\/div><\/div><\/div><\/div><div class=\"eut-background-wrapper\"><\/div><\/div><div class=\"eut-section eut-row-section eut-fullwidth-background eut-padding-bottom-1x eut-bg-none eut-headings-light\"  style=\"background-color:#00c4bd;color:rgb(255,255,255);color:rgba(255,255,255,0.8);\"><div class=\"eut-separator-top\"><svg class=\"eut-separator eut-tilt-left-separator\" xmlns=\"http:\/\/www.w3.org\/2000\/svg\" version=\"1.1\" fill=\"#ffffff\" width=\"100%\" height=\"60\" viewbox=\"0 0 1920 90\" preserveaspectratio=\"none\"><polygon class=\"fil0\" points=\"1920,90 0,90 1920,0 \"\/><\/svg><\/div><div class=\"eut-container\"><div class=\"eut-row eut-bookmark eut-columns-gap-30\"><div class=\"eut-column wpb_column eut-column-1-2 eut-tablet-sm-column-1-2\" ><div class=\"eut-column-wrapper vc_custom_1590428465624\" ><h3 class=\"eut-element eut-title eut-align-left eut-h4\" style=\"margin-bottom: 24px;\"><span><span style=\"font-size: 12pt;\">Mobilna aplikacija za Android i iOS, kao i samostalni ENIOT pristupnik omogu\u0107uje prijenos podataka o senzorima s fizi\u010dkih lokacija u sredi\u0161nji sustav Trakkey.<\/span><\/span><\/h3><\/div><\/div><div class=\"eut-column wpb_column eut-column-1-2\" ><div class=\"eut-column-wrapper\" ><div class=\"eut-element eut-image eut-align-center\" style=\"margin-bottom: 10px;\">  <div class=\"eut-image-wrapper\"><img loading=\"lazy\" decoding=\"async\" width=\"300\" height=\"267\" src=\"https:\/\/enseso.com\/wp-content\/uploads\/2020\/09\/3-300x267.png\" class=\"attachment-medium size-medium\" alt=\"\" srcset=\"https:\/\/enseso.com\/wp-content\/uploads\/2020\/09\/3-300x267.png 300w, https:\/\/enseso.com\/wp-content\/uploads\/2020\/09\/3-768x685.png 768w, https:\/\/enseso.com\/wp-content\/uploads\/2020\/09\/3-1024x913.png 1024w, https:\/\/enseso.com\/wp-content\/uploads\/2020\/09\/3.png 1123w\" sizes=\"auto, (max-width: 300px) 100vw, 300px\" \/>   <\/div><\/div><\/div><\/div><div class=\"eut-column wpb_column eut-column-1\" ><div class=\"eut-column-wrapper\" ><div class=\"eut-row-inner eut-bookmark vc_custom_1590430032594\">\r\n\t\t<div class=\"eut-column-inner wpb_column eut-column-1\">\r\n\t\t\t<div class=\"eut-column-wrapper-inner vc_custom_1590431149253 eut-drop-shadow\">\r\n\t\t\t<div class=\"eut-element eut-image eut-animated-item eut-fade-in-up eut-duration-normal eut-align-center\" style=\"\" data-delay=\"200\">  <div class=\"eut-image-wrapper\"><img loading=\"lazy\" decoding=\"async\" width=\"1918\" height=\"938\" src=\"https:\/\/enseso.com\/wp-content\/uploads\/2020\/09\/trakkey_cs3.jpg\" class=\"eut-extra-round attachment-full size-full\" alt=\"\" srcset=\"https:\/\/enseso.com\/wp-content\/uploads\/2020\/09\/trakkey_cs3.jpg 1918w, https:\/\/enseso.com\/wp-content\/uploads\/2020\/09\/trakkey_cs3-300x147.jpg 300w, https:\/\/enseso.com\/wp-content\/uploads\/2020\/09\/trakkey_cs3-768x376.jpg 768w, https:\/\/enseso.com\/wp-content\/uploads\/2020\/09\/trakkey_cs3-1024x501.jpg 1024w\" sizes=\"auto, (max-width: 1918px) 100vw, 1918px\" \/>   <\/div><\/div>\r\n\t\t\t<\/div>\r\n\t\t<\/div>\r\n\t<\/div><\/div><\/div><\/div><\/div><div class=\"eut-background-wrapper\"><\/div><div class=\"eut-separator-bottom\"><svg class=\"eut-separator eut-tilt-left-separator\" xmlns=\"http:\/\/www.w3.org\/2000\/svg\" version=\"1.1\" fill=\"#1fc4be\" width=\"100%\" height=\"60\" viewbox=\"0 0 1920 90\" preserveaspectratio=\"none\"><polygon class=\"fil0\" points=\"0,90 1920,90 0,0 \"\/><\/svg><\/div><\/div><div class=\"eut-section eut-row-section eut-fullwidth-background eut-padding-top-2x eut-padding-bottom-2x eut-bg-none eut-custom-height eut-middle-content\" data-mobile-equal-columns=\"false\"><div class=\"eut-container\"><div class=\"eut-row eut-bookmark eut-columns-gap-30\"><div class=\"eut-column wpb_column eut-column-1-3 eut-tablet-sm-column-1-2\" ><div class=\"eut-column-wrapper vc_custom_1562861204821 eut-flex eut-flex-position-bottom\" ><div class=\"eut-flex-column-wrapper\"><h3 class=\"eut-element eut-title eut-align-left eut-h4\" style=\"margin-bottom: 24px;\"><span>Oboga\u0107ena sljedivost<\/span><\/h3><\/div><\/div><\/div><div class=\"eut-column wpb_column eut-column-2-3\" ><div class=\"eut-column-wrapper vc_custom_1565725281763 eut-drop-shadow\" ><div class=\"eut-element eut-text\">\r\n\t\t\t<ul>\n<li>oboga\u0107ivanje informacija o doga\u0111ajima sljedivosti<\/li>\n<li>povezivanje senzora i doga\u0111aja u opskrbnom lancu<\/li>\n<li>definiranje alarma za svaki senzor \/ atribut<\/li>\n<li>REST API i MQTT protokoli za razmjenu podataka sa senzora<\/li>\n<li>interni dizajn i proizvodnja<\/li>\n<li>mobilna aplikacija za Android i iOS<\/li>\n<li>pristupnik za automatsku razmjenu podataka sa vi\u0161e senzora<\/li>\n<\/ul>\n\r\n\t\t<\/div>\r\n\t<\/div><\/div><\/div><\/div><div class=\"eut-background-wrapper\"><\/div><\/div><div class=\"eut-section eut-row-section eut-fullwidth-background eut-padding-top-3x eut-padding-bottom-3x eut-bg-none eut-custom-height eut-middle-content\" data-mobile-equal-columns=\"false\"  style=\"background-color:#eaeaea;\"><div class=\"eut-separator-top\"><svg class=\"eut-separator eut-tilt-left-separator\" xmlns=\"http:\/\/www.w3.org\/2000\/svg\" version=\"1.1\" fill=\"#ffffff\" width=\"100%\" height=\"120\" viewbox=\"0 0 1920 90\" preserveaspectratio=\"none\"><polygon class=\"fil0\" points=\"0,90 1920,90 0,0 \"\/><\/svg><\/div><div class=\"eut-container\"><div class=\"eut-row eut-bookmark eut-columns-gap-30\"><div class=\"eut-column wpb_column eut-column-1-3\" ><div class=\"eut-column-wrapper\" ><h3 class=\"eut-element eut-title eut-align-left eut-h4\" style=\"margin-bottom: 24px;\"><span>ENIOT paleta proizvoda<\/span><\/h3><\/div><\/div><div class=\"eut-column wpb_column eut-column-1-3\" ><div class=\"eut-column-wrapper vc_custom_1590428899113 eut-drop-shadow eut-flex eut-flex-position-middle\" ><div class=\"eut-flex-column-wrapper\"><div class=\"eut-element eut-text\">\r\n\t\t\t<ul>\n<li>IoT senzor temperature<\/li>\n<li>IoT senzor vlage<\/li>\n<li>IoT senzor tlaka zraka<\/li>\n<li>IoT senzor ubrzanja<\/li>\n<li>IoT pristupnik - senzori \/ sredi\u0161nji sustav<\/li>\n<\/ul>\n\r\n\t\t<\/div>\r\n\t<\/div><\/div><\/div><\/div><\/div><div class=\"eut-background-wrapper\"><\/div><div class=\"eut-separator-bottom\"><svg class=\"eut-separator eut-tilt-left-separator\" xmlns=\"http:\/\/www.w3.org\/2000\/svg\" version=\"1.1\" fill=\"#ffffff\" width=\"100%\" height=\"90\" viewbox=\"0 0 1920 90\" preserveaspectratio=\"none\"><polygon class=\"fil0\" points=\"0,90 1920,90 0,0 \"\/><\/svg><\/div><\/div><div class=\"eut-section eut-row-section eut-fullwidth-background eut-padding-top-2x eut-padding-bottom-3x eut-bg-none eut-custom-height eut-middle-content\" data-mobile-equal-columns=\"false\"  style=\"background-color:#ffffff;\"><div class=\"eut-container\"><div class=\"eut-row eut-bookmark eut-columns-gap-30\"><div class=\"eut-column wpb_column eut-column-1-3 eut-tablet-sm-column-1-2\" ><div class=\"eut-column-wrapper vc_custom_1565725433794 eut-flex eut-flex-position-bottom\" ><div class=\"eut-flex-column-wrapper\"><div class=\"eut-element eut-image eut-align-center\" style=\"\">  <div class=\"eut-image-wrapper\"><img loading=\"lazy\" decoding=\"async\" width=\"1107\" height=\"917\" src=\"https:\/\/enseso.com\/wp-content\/uploads\/2020\/09\/2.png\" class=\"attachment-full size-full\" alt=\"\" srcset=\"https:\/\/enseso.com\/wp-content\/uploads\/2020\/09\/2.png 1107w, https:\/\/enseso.com\/wp-content\/uploads\/2020\/09\/2-300x249.png 300w, https:\/\/enseso.com\/wp-content\/uploads\/2020\/09\/2-768x636.png 768w, https:\/\/enseso.com\/wp-content\/uploads\/2020\/09\/2-1024x848.png 1024w\" sizes=\"auto, (max-width: 1107px) 100vw, 1107px\" \/>   <\/div><\/div><\/div><\/div><\/div><div class=\"eut-column wpb_column eut-column-1-3\" ><div class=\"eut-column-wrapper\" ><h3 class=\"eut-element eut-title eut-align-left eut-h4\" style=\"margin-bottom: 24px;\"><span><br>\n<p style=\"text-align: center;\">Tehnologija<br>\n<\/span><\/h3><\/div><\/div><div class=\"eut-column wpb_column eut-column-1-3\" ><div class=\"eut-column-wrapper vc_custom_1565816435380 eut-drop-shadow eut-flex eut-flex-position-middle\" ><div class=\"eut-flex-column-wrapper\"><div class=\"eut-element eut-text\">\r\n\t\t\t<ul>\n<li>komunikacijska tehnologija BLE<\/li>\n<li>frekvencija oda\u0161iljanja podataka 1Hz<\/li>\n<li>interna pohrana podataka<\/li>\n<li>vi\u0161e senzora na jednoj plo\u010dici<\/li>\n<li>vijek trajanja baterija &gt;2 godine<\/li>\n<li>zamjenjiva baterija<\/li>\n<li>dimenzije (\u0160xDxV) 6 x 6 x 1.5 cm<\/li>\n<\/ul>\n\r\n\t\t<\/div>\r\n\t<\/div><\/div><\/div><\/div><\/div><div class=\"eut-background-wrapper\"><\/div><\/div><div class=\"eut-section eut-row-section eut-fullwidth-background eut-padding-top-4x eut-padding-bottom-4x eut-bg-none\"><div class=\"eut-container\"><div class=\"eut-row eut-bookmark eut-columns-gap-30\"><div class=\"eut-column wpb_column eut-column-1\" ><div class=\"eut-column-wrapper\" ><h3 class=\"eut-element eut-title eut-align-center eut-h3\" style=\"margin-bottom: 0px;\"><span><a href=\"https:\/\/enseso.com\/hr\/contact-us\/\">Kontaktirajte nas<\/a><\/span><\/h3><h3 class=\"eut-element eut-title eut-align-center eut-small-text\" style=\"\"><span><span style=\"color: #999999;\">NE OKLIJEVAJTE AKO TREBATE DODATNE INFORMACIJE<\/span><\/span><\/h3><\/div><\/div><\/div><\/div><div class=\"eut-background-wrapper\"><\/div><\/div>","protected":false},"excerpt":{"rendered":"ENIOTIoT Sensors Environmental sensors enriching supply chain traceability information ENIOT range of environmental sensors provides additional attribute information which can be coupled with basic traceability information for maximum safety and reliability of supply chain provenance information. The mobile application available for Android and iOS as well as the standalone ENIOT gateway enables sensor information provisioning [...]","protected":false},"author":1,"featured_media":0,"parent":0,"menu_order":0,"comment_status":"open","ping_status":"closed","template":"","meta":{"inline_featured_image":false,"_monsterinsights_skip_tracking":false,"_monsterinsights_sitenote_active":false,"_monsterinsights_sitenote_note":"","_monsterinsights_sitenote_category":0,"footnotes":""},"class_list":["post-4078","page","type-page","status-publish","hentry"],"_links":{"self":[{"href":"https:\/\/enseso.com\/hr\/wp-json\/wp\/v2\/pages\/4078","targetHints":{"allow":["GET"]}}],"collection":[{"href":"https:\/\/enseso.com\/hr\/wp-json\/wp\/v2\/pages"}],"about":[{"href":"https:\/\/enseso.com\/hr\/wp-json\/wp\/v2\/types\/page"}],"author":[{"embeddable":true,"href":"https:\/\/enseso.com\/hr\/wp-json\/wp\/v2\/users\/1"}],"replies":[{"embeddable":true,"href":"https:\/\/enseso.com\/hr\/wp-json\/wp\/v2\/comments?post=4078"}],"version-history":[{"count":31,"href":"https:\/\/enseso.com\/hr\/wp-json\/wp\/v2\/pages\/4078\/revisions"}],"predecessor-version":[{"id":4504,"href":"https:\/\/enseso.com\/hr\/wp-json\/wp\/v2\/pages\/4078\/revisions\/4504"}],"wp:attachment":[{"href":"https:\/\/enseso.com\/hr\/wp-json\/wp\/v2\/media?parent=4078"}],"curies":[{"name":"wp","href":"https:\/\/api.w.org\/{rel}","templated":true}]}}