{"id":4077,"date":"2020-09-15T09:39:44","date_gmt":"2020-09-15T07:39:44","guid":{"rendered":"https:\/\/new.enseso.com\/?page_id=4077"},"modified":"2023-11-25T21:55:38","modified_gmt":"2023-11-25T20:55:38","slug":"trakkey-central-repository","status":"publish","type":"page","link":"https:\/\/enseso.com\/hr\/trakkey-central-repository\/","title":{"rendered":"Trakkey Centralni Sustav"},"content":{"rendered":"<div class=\"eut-section eut-row-section eut-fullwidth-background eut-padding-top-6x eut-padding-bottom-6x eut-bg-animated eut-headings-light eut-separator-fullheight\"  style=\"color:#ffffff;\"><div class=\"eut-container\"><div class=\"eut-row eut-bookmark eut-columns-gap-30\"><div class=\"eut-column wpb_column eut-column-1 eut-tablet-sm-column-1-6\" ><div class=\"eut-column-wrapper\" ><h1 class=\"eut-element eut-title eut-align-center eut-animated-item eut-fade-in-left-big eut-duration-normal eut-h1\" style=\"margin-bottom: 0px;\" data-delay=\"200\"><span>Trakkey<\/span><\/h1><h1 class=\"eut-element eut-title eut-align-center eut-animated-item eut-fade-in-right-big eut-duration-normal eut-h1\" style=\"\" data-delay=\"400\"><span>Centralni Sustav<\/span><\/h1><div class=\"eut-element eut-text eut-subtitle eut-animated-item eut-fade-in-up eut-duration-normal\" data-delay=\"400\">\r\n\t\t\t<p style=\"text-align: center;\">Sredi\u0161nji sustav pohrane doga\u0111aja sljedivosti<\/p>\n\r\n\t\t<\/div>\r\n\t<\/div><\/div><\/div><\/div><div class=\"eut-background-wrapper\">  <div class=\"eut-bg-image eut-bg-image-id-3516\"   style=\"background-image: url(https:\/\/enseso.com\/wp-content\/uploads\/2019\/07\/shutterstock_546725164-1920x1280.png);\"><\/div>  <div class=\"eut-bg-overlay\" style=\"background:rgba(0,0,0,0.9); background: linear-gradient(45deg,rgba(0,0,0,0.9) 0%,rgba(0,0,0,0.23) 100%);\"><\/div><\/div><\/div><div class=\"eut-section eut-row-section eut-fullwidth-background eut-padding-top-3x eut-padding-bottom-3x eut-bg-none\"><div class=\"eut-container\"><div class=\"eut-row eut-bookmark eut-columns-gap-30\"><div class=\"eut-column wpb_column eut-column-1\" ><div class=\"eut-column-wrapper\" ><h2 class=\"eut-element eut-title eut-align-center eut-h5\" style=\"\"><span>Trakkey sredi\u0161nji sustav omogu\u0107uje agregiranje svih doga\u0111aja sljedivosti od vi\u0161e sudionika opskrbnog lanca na sredi\u0161njoj razini koriste\u0107i globalne standarde za razmjenu poruka, kao \u0161to je GS1 EPCIS i unaprijed selektivno dijeljenje potrebnih podataka i \/ ili izvje\u0161taja.<\/span><\/h2><\/div><\/div><\/div><\/div><div class=\"eut-background-wrapper\"><\/div><\/div><div class=\"eut-section eut-row-section eut-fullwidth-background eut-padding-bottom-1x eut-bg-none eut-headings-light\"  style=\"background-color:#00c4bd;color:rgb(255,255,255);color:rgba(255,255,255,0.8);\"><div class=\"eut-separator-top\"><svg class=\"eut-separator eut-tilt-left-separator\" xmlns=\"http:\/\/www.w3.org\/2000\/svg\" version=\"1.1\" fill=\"#ffffff\" width=\"100%\" height=\"60\" viewbox=\"0 0 1920 90\" preserveaspectratio=\"none\"><polygon class=\"fil0\" points=\"1920,90 0,90 1920,0 \"\/><\/svg><\/div><div class=\"eut-container\"><div class=\"eut-row eut-bookmark eut-columns-gap-30\"><div class=\"eut-column wpb_column eut-column-7-12 eut-tablet-sm-column-1-2\" ><div class=\"eut-column-wrapper vc_custom_1600159890860\" ><h3 class=\"eut-element eut-title eut-align-left eut-h4\" style=\"margin-bottom: 24px;\"><span>Android i iOS aplikacija omogu\u0107uje partnerima u lancu opskrbe mobilnu interakciju s centraliziranim sustavom i razmjenu potrebnih doga\u0111aja u lancu opskrbe.<\/span><\/h3><\/div><\/div><div class=\"eut-column wpb_column eut-column-1\" ><div class=\"eut-column-wrapper\" ><div class=\"eut-row-inner eut-bookmark vc_custom_1590430032594\">\r\n\t\t<div class=\"eut-column-inner wpb_column eut-column-1\">\r\n\t\t\t<div class=\"eut-column-wrapper-inner vc_custom_1700945748250\">\r\n\t\t\t<div class=\"eut-element eut-image eut-animated-item eut-fade-in-up eut-duration-normal eut-align-center\" style=\"\" data-delay=\"200\">  <div class=\"eut-image-wrapper\"><img loading=\"lazy\" decoding=\"async\" width=\"1024\" height=\"631\" src=\"https:\/\/enseso.com\/wp-content\/uploads\/2020\/09\/trakkey_cs1-1024x631.jpg\" class=\"attachment-large size-large\" alt=\"\" srcset=\"https:\/\/enseso.com\/wp-content\/uploads\/2020\/09\/trakkey_cs1-1024x631.jpg 1024w, https:\/\/enseso.com\/wp-content\/uploads\/2020\/09\/trakkey_cs1-300x185.jpg 300w, https:\/\/enseso.com\/wp-content\/uploads\/2020\/09\/trakkey_cs1-768x474.jpg 768w, https:\/\/enseso.com\/wp-content\/uploads\/2020\/09\/trakkey_cs1.jpg 1385w\" sizes=\"auto, (max-width: 1024px) 100vw, 1024px\" \/>   <\/div><\/div>\r\n\t\t\t<\/div>\r\n\t\t<\/div>\r\n\t<\/div><\/div><\/div><\/div><\/div><div class=\"eut-background-wrapper\"><\/div><div class=\"eut-separator-bottom\"><svg class=\"eut-separator eut-tilt-left-separator\" xmlns=\"http:\/\/www.w3.org\/2000\/svg\" version=\"1.1\" fill=\"#1fc4be\" width=\"100%\" height=\"60\" viewbox=\"0 0 1920 90\" preserveaspectratio=\"none\"><polygon class=\"fil0\" points=\"0,90 1920,90 0,0 \"\/><\/svg><\/div><\/div><div class=\"eut-section eut-row-section eut-fullwidth-background eut-padding-top-2x eut-padding-bottom-2x eut-bg-none eut-custom-height eut-middle-content\" data-mobile-equal-columns=\"false\"><div class=\"eut-container\"><div class=\"eut-row eut-bookmark eut-columns-gap-30\"><div class=\"eut-column wpb_column eut-column-1-3 eut-tablet-sm-column-1-2\" ><div class=\"eut-column-wrapper vc_custom_1562861204821 eut-flex eut-flex-position-bottom\" ><div class=\"eut-flex-column-wrapper\"><h3 class=\"eut-element eut-title eut-align-left eut-h4\" style=\"margin-bottom: 24px;\"><span>Jednostavno i standardno<\/span><\/h3><\/div><\/div><\/div><div class=\"eut-column wpb_column eut-column-2-3\" ><div class=\"eut-column-wrapper vc_custom_1565725281763 eut-drop-shadow\" ><div class=\"eut-element eut-text\">\r\n\t\t\t<ul>\n<li>GS1 EPCIS 1.2 uskladiv API<\/li>\n<li>pojednostavljeni API<\/li>\n<li>mobilni API<\/li>\n<li>GS1 digitalni link funkcionalnost<\/li>\n<li>fleksibilan podsustav korisnici \/ prava<\/li>\n<li>detaljni audit trail<\/li>\n<li>izvje\u0161tajni sustav<\/li>\n<li>geolokacijska vizualizacija doga\u0111aja<\/li>\n<\/ul>\n\r\n\t\t<\/div>\r\n\t<\/div><\/div><\/div><\/div><div class=\"eut-background-wrapper\"><\/div><\/div><div class=\"eut-section eut-row-section eut-fullwidth-background eut-padding-top-2x eut-padding-bottom-3x eut-bg-none eut-headings-blue eut-custom-height eut-middle-content\" data-mobile-equal-columns=\"false\"  style=\"background-color:#ffffff;\"><div class=\"eut-container\"><div class=\"eut-row eut-bookmark eut-columns-gap-30\"><div class=\"eut-column wpb_column eut-column-1 eut-tablet-sm-column-1-2\" ><div class=\"eut-column-wrapper vc_custom_1565725433794 eut-flex eut-flex-position-bottom\" ><div class=\"eut-flex-column-wrapper\"><div class=\"eut-element eut-image eut-animated-item eut-fade-in-up eut-duration-normal eut-align-center\" style=\"\" data-delay=\"200\">  <div class=\"eut-image-wrapper\"><img loading=\"lazy\" decoding=\"async\" width=\"1024\" height=\"483\" src=\"https:\/\/enseso.com\/wp-content\/uploads\/2020\/09\/trakkey_cs2-1024x483.jpg\" class=\"attachment-large size-large\" alt=\"\" srcset=\"https:\/\/enseso.com\/wp-content\/uploads\/2020\/09\/trakkey_cs2-1024x483.jpg 1024w, https:\/\/enseso.com\/wp-content\/uploads\/2020\/09\/trakkey_cs2-300x141.jpg 300w, https:\/\/enseso.com\/wp-content\/uploads\/2020\/09\/trakkey_cs2-768x362.jpg 768w, https:\/\/enseso.com\/wp-content\/uploads\/2020\/09\/trakkey_cs2.jpg 1779w\" sizes=\"auto, (max-width: 1024px) 100vw, 1024px\" \/>   <\/div><\/div><\/div><\/div><\/div><\/div><\/div><div class=\"eut-background-wrapper\"><\/div><\/div><div class=\"eut-section eut-row-section eut-fullwidth-background eut-padding-top-3x eut-padding-bottom-3x eut-bg-none eut-custom-height eut-middle-content\" data-mobile-equal-columns=\"false\"  style=\"background-color:#eaeaea;\"><div class=\"eut-separator-top\"><svg class=\"eut-separator eut-tilt-left-separator\" xmlns=\"http:\/\/www.w3.org\/2000\/svg\" version=\"1.1\" fill=\"#ffffff\" width=\"100%\" height=\"120\" viewbox=\"0 0 1920 90\" preserveaspectratio=\"none\"><polygon class=\"fil0\" points=\"0,90 1920,90 0,0 \"\/><\/svg><\/div><div class=\"eut-container\"><div class=\"eut-row eut-bookmark eut-columns-gap-30\"><div class=\"eut-column wpb_column eut-column-1-3\" ><div class=\"eut-column-wrapper\" ><h3 class=\"eut-element eut-title eut-align-left eut-h4\" style=\"margin-bottom: 24px;\"><span>Potro\u0161a\u010dka svijest<\/span><\/h3><\/div><\/div><div class=\"eut-column wpb_column eut-column-1-3\" ><div class=\"eut-column-wrapper vc_custom_1590428899113 eut-drop-shadow eut-flex eut-flex-position-middle\" ><div class=\"eut-flex-column-wrapper\"><div class=\"eut-element eut-text\">\r\n\t\t\t<p>Pru\u017eanje informacija o porijeklu proizvoda u stvarnom vremenu, potro\u0161a\u010dima koji koriste mobilnu aplikaciju ili standardni GS1 digital link format.<\/p>\n\r\n\t\t<\/div>\r\n\t<\/div><\/div><\/div><\/div><\/div><div class=\"eut-background-wrapper\"><\/div><div class=\"eut-separator-bottom\"><svg class=\"eut-separator eut-tilt-left-separator\" xmlns=\"http:\/\/www.w3.org\/2000\/svg\" version=\"1.1\" fill=\"#ffffff\" width=\"100%\" height=\"90\" viewbox=\"0 0 1920 90\" preserveaspectratio=\"none\"><polygon class=\"fil0\" points=\"0,90 1920,90 0,0 \"\/><\/svg><\/div><\/div><div class=\"eut-section eut-row-section eut-fullwidth-background eut-padding-top-4x eut-padding-bottom-4x eut-bg-none\"><div class=\"eut-container\"><div class=\"eut-row eut-bookmark eut-columns-gap-30\"><div class=\"eut-column wpb_column eut-column-1\" ><div class=\"eut-column-wrapper\" ><h3 class=\"eut-element eut-title eut-align-center eut-h3\" style=\"margin-bottom: 0px;\"><span><a href=\"https:\/\/enseso.com\/hr\/contact-us\/\">Kontaktirajte nas<\/a><\/span><\/h3><h3 class=\"eut-element eut-title eut-align-center eut-small-text\" style=\"\"><span><span style=\"color: #999999;\">NE OKLIJEVAJTE AKO TREBATE DODATNE INFORMACIJE<\/span><\/span><\/h3><\/div><\/div><\/div><\/div><div class=\"eut-background-wrapper\"><\/div><\/div>","protected":false},"excerpt":{"rendered":"TrakkeyCentral Repository Enterprise central repository for aggregation of traceability events Trakkey central repository allows aggregation of all traceability events from multiple supply chain participants at central level using global messaging standards, such as GS1 EPCIS and aftwerwards selective dissemination of required data and \/ or reports.Android and iOS applications allow supply chain partners to interact [...]","protected":false},"author":1,"featured_media":0,"parent":0,"menu_order":0,"comment_status":"open","ping_status":"closed","template":"","meta":{"inline_featured_image":false,"_monsterinsights_skip_tracking":false,"_monsterinsights_sitenote_active":false,"_monsterinsights_sitenote_note":"","_monsterinsights_sitenote_category":0,"footnotes":""},"class_list":["post-4077","page","type-page","status-publish","hentry"],"_links":{"self":[{"href":"https:\/\/enseso.com\/hr\/wp-json\/wp\/v2\/pages\/4077","targetHints":{"allow":["GET"]}}],"collection":[{"href":"https:\/\/enseso.com\/hr\/wp-json\/wp\/v2\/pages"}],"about":[{"href":"https:\/\/enseso.com\/hr\/wp-json\/wp\/v2\/types\/page"}],"author":[{"embeddable":true,"href":"https:\/\/enseso.com\/hr\/wp-json\/wp\/v2\/users\/1"}],"replies":[{"embeddable":true,"href":"https:\/\/enseso.com\/hr\/wp-json\/wp\/v2\/comments?post=4077"}],"version-history":[{"count":28,"href":"https:\/\/enseso.com\/hr\/wp-json\/wp\/v2\/pages\/4077\/revisions"}],"predecessor-version":[{"id":4472,"href":"https:\/\/enseso.com\/hr\/wp-json\/wp\/v2\/pages\/4077\/revisions\/4472"}],"wp:attachment":[{"href":"https:\/\/enseso.com\/hr\/wp-json\/wp\/v2\/media?parent=4077"}],"curies":[{"name":"wp","href":"https:\/\/api.w.org\/{rel}","templated":true}]}}