{"id":226,"date":"2015-09-30T12:13:10","date_gmt":"2015-09-30T12:13:10","guid":{"rendered":"http:\/\/www.ladeste.com\/?page_id=226"},"modified":"2021-07-12T19:16:12","modified_gmt":"2021-07-12T17:16:12","slug":"smart-packaging","status":"publish","type":"page","link":"https:\/\/enseso.com\/hr\/smart-packaging\/","title":{"rendered":"Pametna Ambala\u017ea"},"content":{"rendered":"<div class=\"eut-section eut-row-section eut-fullwidth-background eut-padding-top-6x eut-padding-bottom-6x eut-bg-none\"  style=\"background-color:rgb(3,78,144);background-color:rgba(3,78,144,0.9);background: linear-gradient(45deg,rgba(3,78,144,0.9) 0%,rgba(25,180,215,0.9) 100%);\"><div class=\"eut-container\"><div class=\"eut-row eut-bookmark eut-columns-gap-30\"><div class=\"eut-column wpb_column eut-column-1 eut-headings-light\"  style=\"color:#ffffff;\" ><div class=\"eut-column-wrapper\" ><h1 class=\"eut-element eut-title eut-align-center eut-animated-item eut-fade-in-left-big eut-duration-normal eut-h1\" style=\"\" data-delay=\"200\"><span>Pametna Ambala\u017ea<\/span><\/h1><div class=\"eut-element eut-text eut-leader-text eut-animated-item eut-fade-in-right-big eut-duration-normal\" data-delay=\"200\">\r\n\t\t\t<p style=\"text-align: center;\">OZNA\u010cAVANJE I SLJEDIVOST<\/p>\n\r\n\t\t<\/div>\r\n\t<\/div><\/div><\/div><\/div><div class=\"eut-background-wrapper\"><\/div><div class=\"eut-separator-bottom\"><svg class=\"eut-separator eut-tilt-left-separator\" xmlns=\"http:\/\/www.w3.org\/2000\/svg\" version=\"1.1\" fill=\"#ffffff\" width=\"100%\" height=\"60\" viewbox=\"0 0 1920 90\" preserveaspectratio=\"none\"><polygon class=\"fil0\" points=\"0,90 1920,90 0,0 \"\/><\/svg><\/div><\/div><div class=\"eut-section eut-row-section eut-fullwidth-background eut-padding-top-3x eut-padding-bottom-3x eut-bg-none\"><div class=\"eut-container\"><div class=\"eut-row eut-bookmark eut-columns-gap-60\"><div class=\"eut-column wpb_column eut-column-1-6\" ><div class=\"eut-column-wrapper\" ><\/div><\/div><div class=\"eut-column wpb_column eut-column-2-3\" ><div class=\"eut-column-wrapper\" ><h1 class=\"eut-element eut-title eut-align-center eut-animated-item eut-fade-in-up eut-duration-normal eut-h3\" style=\"\" data-delay=\"200\"><span>Vi i Va\u0161i potro\u0161a\u010di zavrije\u0111ujete pametnu ambala\u017eu<\/span><\/h1><div class=\"eut-empty-space eut-height-3x\" style=\"\"><\/div><div class=\"eut-element eut-divider\" style=\"\"><div class=\"eut-line-divider eut-border\"><\/div><\/div><\/div><\/div><div class=\"eut-column wpb_column eut-column-1-6\" ><div class=\"eut-column-wrapper\" ><\/div><\/div><\/div><\/div><div class=\"eut-background-wrapper\"><\/div><\/div><div class=\"eut-section eut-row-section eut-fullwidth-background eut-padding-top-1x eut-padding-bottom-1x eut-bg-none\"><div class=\"eut-container\"><div class=\"eut-row eut-bookmark eut-columns-gap-30\"><div class=\"eut-column wpb_column eut-column-1-4 eut-custom-position eut-top-1x\" ><div class=\"eut-column-wrapper\" ><div class=\"eut-element eut-box-icon eut-medium eut-top-icon eut-align-center eut-animated-item eut-fade-in-left-big eut-duration-fast\" style=\"\" data-delay=\"200\"><div class=\"eut-image-icon\"><img loading=\"lazy\" decoding=\"async\" width=\"80\" height=\"79\" src=\"https:\/\/enseso.com\/wp-content\/uploads\/2019\/07\/Group-55.svg\" class=\"attachment-full size-full\" alt=\"\" \/><\/div><div class=\"eut-box-content\"><div class=\"eut-box-title-wrapper\"><h3 class=\"eut-box-title eut-h6\">KOMUNIKACIJA<\/h3><\/div><\/div><\/div><\/div><\/div><div class=\"eut-column wpb_column eut-column-1-4\" ><div class=\"eut-column-wrapper\" ><div class=\"eut-element eut-box-icon eut-medium eut-top-icon eut-align-center eut-animated-item eut-fade-in-up-big eut-duration-fast\" style=\"\" data-delay=\"200\"><div class=\"eut-image-icon\"><img loading=\"lazy\" decoding=\"async\" width=\"80\" height=\"80\" src=\"https:\/\/enseso.com\/wp-content\/uploads\/2019\/07\/Group-67.svg\" class=\"attachment-full size-full\" alt=\"\" \/><\/div><div class=\"eut-box-content\"><div class=\"eut-box-title-wrapper\"><h3 class=\"eut-box-title eut-h6\">MOBILNOST<\/h3><\/div><\/div><\/div><\/div><\/div><div class=\"eut-column wpb_column eut-column-1-4 eut-parallax-effect\"  data-parallax-effect=\"vertical-parallax\" data-sensitive=\"low\" data-limit=\"1x\" data-invert=\"false\" data-tablet-portrait-parallax-effect=\"none\" data-mobile-parallax-effect=\"none\"><div class=\"eut-column-wrapper\" ><div class=\"eut-element eut-box-icon eut-medium eut-top-icon eut-align-center eut-animated-item eut-fade-in-up-big eut-duration-fast\" style=\"\" data-delay=\"200\"><div class=\"eut-image-icon\"><img loading=\"lazy\" decoding=\"async\" width=\"80\" height=\"80\" src=\"https:\/\/enseso.com\/wp-content\/uploads\/2019\/07\/Group-68.svg\" class=\"attachment-full size-full\" alt=\"\" \/><\/div><div class=\"eut-box-content\"><div class=\"eut-box-title-wrapper\"><h3 class=\"eut-box-title eut-h6\">VERIFIKACIJA<\/h3><\/div><\/div><\/div><\/div><\/div><div class=\"eut-column wpb_column eut-column-1-4 eut-custom-position eut-top-1x\" ><div class=\"eut-column-wrapper\" ><div class=\"eut-element eut-box-icon eut-medium eut-top-icon eut-align-center eut-animated-item eut-fade-in-right-big eut-duration-fast\" style=\"\" data-delay=\"200\"><div class=\"eut-image-icon\"><img loading=\"lazy\" decoding=\"async\" width=\"80\" height=\"80\" src=\"https:\/\/enseso.com\/wp-content\/uploads\/2019\/07\/Group-69.svg\" class=\"attachment-full size-full\" alt=\"\" \/><\/div><div class=\"eut-box-content\"><div class=\"eut-box-title-wrapper\"><h3 class=\"eut-box-title eut-h6\">VI\u0160EJEZI\u010cNOST<\/h3><\/div><\/div><\/div><\/div><\/div><\/div><\/div><div class=\"eut-background-wrapper\"><\/div><\/div><div class=\"eut-section eut-row-section eut-fullwidth-background eut-padding-top-1x eut-padding-bottom-1x eut-bg-none eut-custom-height eut-middle-content\"><div class=\"eut-container\"><div class=\"eut-row eut-bookmark eut-columns-gap-30\"><div class=\"eut-column wpb_column eut-column-1-4 eut-custom-position eut-mobile-position-none eut-left-minus-1x\" ><div class=\"eut-column-wrapper\" ><div class=\"eut-element eut-box-icon eut-medium eut-top-icon eut-align-center eut-animated-item eut-fade-in-left-big eut-duration-fast\" style=\"margin-bottom: 8%;\" data-delay=\"200\"><div class=\"eut-image-icon\"><img loading=\"lazy\" decoding=\"async\" width=\"80\" height=\"80\" src=\"https:\/\/enseso.com\/wp-content\/uploads\/2019\/07\/Group-65.svg\" class=\"attachment-full size-full\" alt=\"\" \/><\/div><div class=\"eut-box-content\"><div class=\"eut-box-title-wrapper\"><h3 class=\"eut-box-title eut-h6\">INFORMACIJE O PROIZVODU<\/h3><\/div><\/div><\/div><div class=\"eut-empty-space eut-height-1x\" style=\"\"><\/div><div class=\"eut-element eut-box-icon eut-medium eut-top-icon eut-align-center eut-animated-item eut-fade-in-left-big eut-duration-fast\" style=\"margin-bottom: 2%;\" data-delay=\"200\"><div class=\"eut-image-icon\"><img loading=\"lazy\" decoding=\"async\" width=\"80\" height=\"80\" src=\"https:\/\/enseso.com\/wp-content\/uploads\/2019\/07\/Group-64.svg\" class=\"attachment-full size-full\" alt=\"\" \/><\/div><div class=\"eut-box-content\"><div class=\"eut-box-title-wrapper\"><h3 class=\"eut-box-title eut-h6\">OPTIMIZACIJA<\/h3><\/div><\/div><\/div><div class=\"eut-empty-space eut-height-1x\" style=\"\"><\/div><div class=\"eut-element eut-box-icon eut-medium eut-top-icon eut-align-center eut-animated-item eut-fade-in-left-big eut-duration-fast\" style=\"margin-bottom: 2%;\" data-delay=\"200\"><div class=\"eut-image-icon\"><img loading=\"lazy\" decoding=\"async\" width=\"80\" height=\"80\" src=\"https:\/\/enseso.com\/wp-content\/uploads\/2019\/07\/Group-74.svg\" class=\"attachment-full size-full\" alt=\"\" \/><\/div><div class=\"eut-box-content\"><div class=\"eut-box-title-wrapper\"><h3 class=\"eut-box-title eut-h6\">U\u010cINKOVITI OPOZIV<\/h3><\/div><\/div><\/div><\/div><\/div><div class=\"eut-column wpb_column eut-column-1-2 eut-parallax-effect\"  data-parallax-effect=\"vertical-parallax\" data-sensitive=\"low\" data-limit=\"1x\" data-invert=\"false\" data-tablet-portrait-parallax-effect=\"none\" data-mobile-parallax-effect=\"none\"><div class=\"eut-column-wrapper vc_custom_1566767023107\" ><div class=\"eut-element eut-image eut-animated-item eut-zoom-in eut-duration-fast eut-align-center eut-full-image eut-image-space-100\" style=\"\" data-delay=\"200\">  <div class=\"eut-image-wrapper\"><img loading=\"lazy\" decoding=\"async\" width=\"484\" height=\"535\" src=\"https:\/\/enseso.com\/wp-content\/uploads\/2021\/04\/sc_hr.jpg\" class=\"eut-extra-round attachment-medium_large size-medium_large\" alt=\"\" \/>   <\/div><\/div><\/div><\/div><div class=\"eut-column wpb_column eut-column-1-4 eut-custom-position eut-right-minus-1x\" ><div class=\"eut-column-wrapper\" ><div class=\"eut-element eut-box-icon eut-medium eut-top-icon eut-align-center eut-animated-item eut-fade-in-right-big eut-duration-fast\" style=\"margin-bottom: 8%;\" data-delay=\"200\"><div class=\"eut-image-icon\"><img loading=\"lazy\" decoding=\"async\" width=\"80\" height=\"80\" src=\"https:\/\/enseso.com\/wp-content\/uploads\/2019\/07\/Group-70.svg\" class=\"attachment-full size-full\" alt=\"\" \/><\/div><div class=\"eut-box-content\"><div class=\"eut-box-title-wrapper\"><h3 class=\"eut-box-title eut-h6\">SOCIJALNE MRE\u017dE<\/h3><\/div><\/div><\/div><div class=\"eut-empty-space eut-height-1x\" style=\"\"><\/div><div class=\"eut-element eut-box-icon eut-medium eut-top-icon eut-align-center eut-animated-item eut-fade-in-right-big eut-duration-fast\" style=\"margin-bottom: 8%;\" data-delay=\"200\"><div class=\"eut-image-icon\"><img loading=\"lazy\" decoding=\"async\" width=\"78\" height=\"80\" src=\"https:\/\/enseso.com\/wp-content\/uploads\/2019\/07\/Group-71.svg\" class=\"attachment-full size-full\" alt=\"\" \/><\/div><div class=\"eut-box-content\"><div class=\"eut-box-title-wrapper\"><h3 class=\"eut-box-title eut-h6\">INFORMACIJE O OPOZIVU<\/h3><\/div><\/div><\/div><div class=\"eut-empty-space eut-height-1x\" style=\"\"><\/div><div class=\"eut-element eut-box-icon eut-medium eut-top-icon eut-align-center eut-animated-item eut-fade-in-right-big eut-duration-fast\" style=\"margin-bottom: 8%;\" data-delay=\"200\"><div class=\"eut-image-icon\"><img loading=\"lazy\" decoding=\"async\" width=\"80\" height=\"80\" src=\"https:\/\/enseso.com\/wp-content\/uploads\/2019\/07\/Group-73.svg\" class=\"attachment-full size-full\" alt=\"\" \/><\/div><div class=\"eut-box-content\"><div class=\"eut-box-title-wrapper\"><h3 class=\"eut-box-title eut-h6\">INFORMACIJE U STVARNOM VREMENU<\/h3><\/div><\/div><\/div><\/div><\/div><\/div><\/div><div class=\"eut-background-wrapper\"><\/div><\/div><div class=\"eut-section eut-row-section eut-fullwidth-background eut-padding-top-2x eut-padding-bottom-2x eut-bg-none\"  style=\"background-color:rgb(224,224,224);background-color:rgba(224,224,224,0.9);background: linear-gradient(45deg,rgba(224,224,224,0.9) 0%,rgba(249,249,249,0.9) 100%);\"><div class=\"eut-container\"><div class=\"eut-row eut-bookmark eut-columns-gap-45\"><div class=\"eut-column wpb_column eut-column-1-4\" ><div class=\"eut-column-wrapper\" ><div class=\"eut-element eut-box-icon eut-medium eut-top-icon eut-align-center eut-animated-item eut-zoom-in eut-duration-normal\" style=\"margin-bottom: 8%;\" data-delay=\"200\"><div class=\"eut-image-icon\"><img loading=\"lazy\" decoding=\"async\" width=\"90\" height=\"90\" src=\"https:\/\/enseso.com\/wp-content\/uploads\/2019\/08\/Group-97-2.svg\" class=\"attachment-full size-full\" alt=\"\" \/><\/div><div class=\"eut-box-content\"><div class=\"eut-box-title-wrapper\"><h3 class=\"eut-box-title eut-h5\">SIGURNOST POTRO\u0160A\u010cA<\/h3><\/div><\/div><\/div><\/div><\/div><div class=\"eut-column wpb_column eut-column-1-4\" ><div class=\"eut-column-wrapper\" ><div class=\"eut-element eut-box-icon eut-medium eut-top-icon eut-align-center eut-animated-item eut-zoom-in eut-duration-normal\" style=\"margin-bottom: 8%;\" data-delay=\"300\"><div class=\"eut-image-icon\"><img loading=\"lazy\" decoding=\"async\" width=\"90\" height=\"90\" src=\"https:\/\/enseso.com\/wp-content\/uploads\/2019\/08\/Group-96-1.svg\" class=\"attachment-full size-full\" alt=\"\" \/><\/div><div class=\"eut-box-content\"><div class=\"eut-box-title-wrapper\"><h3 class=\"eut-box-title eut-h5\">OPTIMIZACIJA TRO\u0160KOVA<\/h3><\/div><\/div><\/div><\/div><\/div><div class=\"eut-column wpb_column eut-column-1-4\" ><div class=\"eut-column-wrapper\" ><div class=\"eut-element eut-box-icon eut-medium eut-top-icon eut-align-center eut-animated-item eut-zoom-in eut-duration-normal\" style=\"margin-bottom: 8%;\" data-delay=\"400\"><div class=\"eut-image-icon\"><img loading=\"lazy\" decoding=\"async\" width=\"90\" height=\"90\" src=\"https:\/\/enseso.com\/wp-content\/uploads\/2019\/08\/Group-95.svg\" class=\"attachment-full size-full\" alt=\"\" \/><\/div><div class=\"eut-box-content\"><div class=\"eut-box-title-wrapper\"><h3 class=\"eut-box-title eut-h5\">DRU\u0160TVENA ODGOVORNOST<\/h3><\/div><\/div><\/div><\/div><\/div><div class=\"eut-column wpb_column eut-column-1-4\" ><div class=\"eut-column-wrapper\" ><div class=\"eut-element eut-box-icon eut-medium eut-top-icon eut-align-center eut-animated-item eut-zoom-in eut-duration-normal\" style=\"margin-bottom: 8%;\" data-delay=\"500\"><div class=\"eut-image-icon\"><img loading=\"lazy\" decoding=\"async\" width=\"90\" height=\"90\" src=\"https:\/\/enseso.com\/wp-content\/uploads\/2019\/08\/Group-99.svg\" class=\"attachment-full size-full\" alt=\"\" \/><\/div><div class=\"eut-box-content\"><div class=\"eut-box-title-wrapper\"><h3 class=\"eut-box-title eut-h5\">KONKURENTSKA PREDNOST<\/h3><\/div><\/div><\/div><\/div><\/div><\/div><\/div><div class=\"eut-background-wrapper\"><\/div><\/div>","protected":false},"excerpt":{"rendered":"Smart Packaging TAGGING AND SERIALIZATION You and your customers both deserve smart packaging.COMMUNICATIONMOBILITYVERIFICATIONMULTILINGUALPRODUCT INFOOPTIMIZATIONEFFECTIVE RECALLS SOCIAL NETWORKINGRECALL INFOREAL TIME INFORMATIONCONSUMER SAFETYCOST OPTIMIZATIONSOCIAL RESPONSIBILITYCOMPETITIVE ADVANTAGE","protected":false},"author":1,"featured_media":0,"parent":0,"menu_order":0,"comment_status":"open","ping_status":"closed","template":"","meta":{"inline_featured_image":false,"_monsterinsights_skip_tracking":false,"_monsterinsights_sitenote_active":false,"_monsterinsights_sitenote_note":"","_monsterinsights_sitenote_category":0,"footnotes":""},"class_list":["post-226","page","type-page","status-publish","hentry"],"_links":{"self":[{"href":"https:\/\/enseso.com\/hr\/wp-json\/wp\/v2\/pages\/226","targetHints":{"allow":["GET"]}}],"collection":[{"href":"https:\/\/enseso.com\/hr\/wp-json\/wp\/v2\/pages"}],"about":[{"href":"https:\/\/enseso.com\/hr\/wp-json\/wp\/v2\/types\/page"}],"author":[{"embeddable":true,"href":"https:\/\/enseso.com\/hr\/wp-json\/wp\/v2\/users\/1"}],"replies":[{"embeddable":true,"href":"https:\/\/enseso.com\/hr\/wp-json\/wp\/v2\/comments?post=226"}],"version-history":[{"count":16,"href":"https:\/\/enseso.com\/hr\/wp-json\/wp\/v2\/pages\/226\/revisions"}],"predecessor-version":[{"id":4279,"href":"https:\/\/enseso.com\/hr\/wp-json\/wp\/v2\/pages\/226\/revisions\/4279"}],"wp:attachment":[{"href":"https:\/\/enseso.com\/hr\/wp-json\/wp\/v2\/media?parent=226"}],"curies":[{"name":"wp","href":"https:\/\/api.w.org\/{rel}","templated":true}]}}