{"id":2,"date":"2015-02-24T13:17:42","date_gmt":"2015-02-24T13:17:42","guid":{"rendered":"http:\/\/www.ladeste.com\/?page_id=2"},"modified":"2025-04-16T08:59:10","modified_gmt":"2025-04-16T06:59:10","slug":"home","status":"publish","type":"page","link":"https:\/\/enseso.com\/hr\/","title":{"rendered":"Naslovna"},"content":{"rendered":"<div class=\"eut-section eut-row-section eut-fullwidth-background eut-padding-top-1x eut-padding-bottom-1x eut-bg-none\"><div class=\"eut-container\"><div class=\"eut-row eut-bookmark eut-columns-gap-30\"><div class=\"eut-column wpb_column eut-column-1\" ><div class=\"eut-column-wrapper\" ><div class=\"eut-element eut-text\">\r\n\t\t\t<p><a title=\"Watch Enseso's team winning video\" href=\"https:\/\/www.youtube.com\/watch?v=37Qzk9GhSaw\" target=\"_blank\" rel=\"noopener\"><img loading=\"lazy\" decoding=\"async\" class=\"fdachallenge alignnone\" src=\"https:\/\/enseso.com\/wp-content\/uploads\/2022\/11\/fda.png\" alt=\"\" width=\"212\" height=\"212\" \/><\/a><br \/>\n<img loading=\"lazy\" decoding=\"async\" class=\"gs1uspartner alignnone\" src=\"https:\/\/enseso.com\/wp-content\/uploads\/2023\/10\/GS1US_SolutionPartner_Silver.png\" alt=\"\" width=\"126\" height=\"178\" \/><img loading=\"lazy\" decoding=\"async\" class=\"nxpgoldpartner alignnone\" src=\"https:\/\/enseso.com\/wp-content\/uploads\/2024\/09\/Gold_Partner-svg.svg\" alt=\"\" width=\"172\" height=\"95\" \/><\/p>\n\r\n\t\t<\/div>\r\n\t<\/div><\/div><\/div><\/div><div class=\"eut-background-wrapper\"><\/div><\/div><div class=\"eut-section eut-row-section eut-fullwidth-background eut-padding-top-6x eut-bg-animated eut-custom-height eut-middle-content\" data-mobile-equal-columns=\"false\"><div class=\"eut-container\"><div class=\"eut-row eut-bookmark eut-columns-gap-30\"><div class=\"eut-column wpb_column eut-column-1-3 eut-headings-light eut-custom-position eut-top-minus-1x\"  style=\"color:rgb(255,255,255);color:rgba(255,255,255,0.9);\" ><div class=\"eut-column-wrapper vc_custom_1590412091235 eut-drop-shadow\" ><div class=\"eut-element eut-box-icon eut-extra-large eut-top-icon eut-align-center eut-animated-item eut-fade-in-down eut-duration-normal\" style=\"\" data-delay=\"200\"><a href=\"https:\/\/enseso.com\/hr\/trakkey\/\"><div class=\"eut-wrapper-icon eut-no-shape eut-text-grey\"><div id=\"eut-svg-69d01185d947c\" data-file=\"https:\/\/enseso.com\/wp-content\/uploads\/2019\/07\/chip.svg\" data-duration=\"100\" class=\"eut-svg-icon eut-text-primary-1\"><\/div><\/div><div class=\"eut-box-content\"><div class=\"eut-box-title-wrapper\"><h1 class=\"eut-box-title eut-h4\">Trakkey Platforma<\/h1><\/div>  <p class=\"\">Univerzalna platforma za sljedivost<\/p><\/div><\/a><\/div><\/div><\/div><div class=\"eut-column wpb_column eut-column-1-3 eut-headings-light\"  style=\"color:rgb(255,255,255);color:rgba(255,255,255,0.9);\" ><div class=\"eut-column-wrapper vc_custom_1590412104410 eut-drop-shadow\" ><div class=\"eut-element eut-box-icon eut-extra-large eut-top-icon eut-align-center eut-animated-item eut-fade-in-right eut-duration-normal\" style=\"\" data-delay=\"300\"><a href=\"https:\/\/enseso.com\/hr\/trakkey-central-repository\/\"><div class=\"eut-wrapper-icon eut-no-shape eut-text-grey\"><div id=\"eut-svg-69d01185da064\" data-file=\"https:\/\/enseso.com\/wp-content\/uploads\/2019\/07\/monitoring.svg\" data-duration=\"100\" class=\"eut-svg-icon eut-text-primary-1\"><\/div><\/div><div class=\"eut-box-content\"><div class=\"eut-box-title-wrapper\"><h1 class=\"eut-box-title eut-h4\">Trakkey Centralni Sustav<\/h1><\/div>  <p class=\"\">Sredi\u0161nji sustav pohrane doga\u0111aja sljedivosti<\/p><\/div><\/a><\/div><\/div><\/div><div class=\"eut-column wpb_column eut-column-1-3 eut-headings-light eut-custom-position eut-top-1x\"  style=\"color:rgb(255,255,255);color:rgba(255,255,255,0.9);\" ><div class=\"eut-column-wrapper vc_custom_1590412122034 eut-drop-shadow\" ><div class=\"eut-element eut-box-icon eut-extra-large eut-top-icon eut-align-center eut-animated-item eut-fade-in-left eut-duration-normal\" style=\"\" data-delay=\"100\"><a href=\"https:\/\/enseso.com\/hr\/iot-sensors\/\"><div class=\"eut-wrapper-icon eut-no-shape eut-text-grey\"><div id=\"eut-svg-69d01185da71b\" data-file=\"https:\/\/enseso.com\/wp-content\/uploads\/2019\/07\/link.svg\" data-duration=\"100\" class=\"eut-svg-icon eut-text-primary-1\"><\/div><\/div><div class=\"eut-box-content\"><div class=\"eut-box-title-wrapper\"><h1 class=\"eut-box-title eut-h4\">ENIOT IoT Senzori<\/h1><\/div>  <p class=\"\">Okoli\u0161ni senzori za oboga\u0107ivanje doga\u0111aja sljedivosti<\/p><\/div><\/a><\/div><\/div><\/div><\/div><\/div><div class=\"eut-background-wrapper\">  <div class=\"eut-bg-image eut-bg-image-id-3500\"   style=\"background-image: url(https:\/\/enseso.com\/wp-content\/uploads\/2019\/07\/shutterstock_503725969-1920x1201.png);\"><\/div>  <div class=\"eut-bg-overlay\" style=\"background:rgba(53,171,234,0.14); background: linear-gradient(45deg,rgba(53,171,234,0.14) 0%,rgba(1,22,77,0.31) 100%);\"><\/div>  <div class=\"eut-pattern\"><\/div><\/div><div class=\"eut-separator-bottom\"><svg class=\"eut-separator eut-tilt-left-separator\" xmlns=\"http:\/\/www.w3.org\/2000\/svg\" version=\"1.1\" fill=\"#1fc4be\" width=\"100%\" height=\"90\" viewbox=\"0 0 1920 90\" preserveaspectratio=\"none\"><polygon class=\"fil0\" points=\"0,90 1920,90 0,0 \"\/><\/svg><\/div><\/div><div class=\"eut-section eut-row-section eut-fullwidth-background eut-padding-top-3x eut-padding-bottom-3x eut-bg-none eut-headings-light\"  style=\"background-color:#1fc4be;color:#ffffff;margin-bottom: 0px;\"><div class=\"eut-container\"><div class=\"eut-row eut-bookmark eut-columns-gap-30\"><div class=\"eut-column wpb_column eut-column-1\" ><div class=\"eut-column-wrapper\" ><div class=\"eut-row-inner eut-bookmark vc_custom_1565722370067\">\r\n\t\t<div class=\"eut-column-inner wpb_column eut-column-1\">\r\n\t\t\t<div class=\"eut-column-wrapper-inner\">\r\n\t\t\t<div class=\"eut-element eut-callout eut-animated-item eut-fade-in-up eut-duration-normal eut-btn-right\" style=\"\" data-delay=\"200\">  <div class=\"eut-callout-wrapper\"><h3 class=\"eut-callout-content eut-h4\">\u017delite li znati vi\u0161e o na\u0161im proizvodima ?<\/h3>  <\/div>  <div class=\"eut-button-wrapper\"><a href=\"https:\/\/enseso.com\/hr\/contact-us\/\" class=\"eut-btn eut-btn-medium eut-square eut-bg-white eut-bg-hover-primary-4 eut-btn-line\"><span>Kontaktirajte nas<\/span><\/a>  <\/div><\/div>\r\n\t\t\t<\/div>\r\n\t\t<\/div>\r\n\t<\/div><\/div><\/div><\/div><\/div><div class=\"eut-background-wrapper\"><\/div><\/div><div class=\"eut-section eut-row-section eut-fullwidth-background eut-padding-top-1x eut-padding-bottom-1x eut-bg-none\"><div class=\"eut-container\"><div class=\"eut-row eut-bookmark eut-columns-gap-30\"><div class=\"eut-column wpb_column eut-column-1\" id=\"latestnews\" ><div class=\"eut-column-wrapper\" >\n\t<div class=\"wpb_raw_code wpb_content_element wpb_raw_html\" >\n\t\t<div class=\"wpb_wrapper\">\n\t\t\t<br \/><br \/>\n<h3>Vijesti<\/h3>\n<br \/>\n<div class=\"news type-news wpnaw-blog-class has-date news-col-1 wpnaw-first\">\n\t<div class=\"news-inner-wrap-view news-clearfix wpnaw-news-no-image\">\n\t\t<div class=\"news-content\">\n\t\t\t<div class=\"date-post\">\n\t\t\t\t<h2><span>March<\/span><\/h2>\n\t\t\t\t<p>2025<\/p>\n\t\t\t<\/div>\n\t\t\t<div class=\"post-content-text\">\n\t\t\t\t<h3 class=\"news-title\">New contract for TPD ID issuer with an EU Member State.<\/h3>\n\t\t\t\t<div class=\"news-cat\"><\/div>\n\t\t\t<\/div>\n\t\t<\/div>\n\t<\/div>\n<\/div>\n<div class=\"news type-news wpnaw-blog-class has-date news-col-1 wpnaw-first\">\n\t<div class=\"news-inner-wrap-view news-clearfix wpnaw-news-no-image\">\n\t\t<div class=\"news-content\">\n\t\t\t<div class=\"date-post\">\n\t\t\t\t<h2><span>Svibanj<\/span><\/h2>\n\t\t\t\t<p>2024<\/p>\n\t\t\t<\/div>\n\t\t\t<div class=\"post-content-text\">\n\t\t\t\t<h3 class=\"news-title\">Long term license agrement for traceability central repository signed with EU client<\/h3>\n\t\t\t\t<div class=\"news-cat\"><\/div>\n\t\t\t<\/div>\n\t\t<\/div>\n\t<\/div>\n<\/div>\n<div class=\"news type-news wpnaw-blog-class has-date news-col-1 wpnaw-first\">\n\t<div class=\"news-inner-wrap-view news-clearfix wpnaw-news-no-image\">\n\t\t<div class=\"news-content\">\n\t\t\t<div class=\"date-post\">\n\t\t\t\t<h2><span>Kolovoz<\/span><\/h2>\n\t\t\t\t<p>2023<\/p>\n\t\t\t<\/div>\n\t\t\t<div class=\"post-content-text\">\n\t\t\t\t<h3 class=\"news-title\">Wine E-Labels solution compliant with EU labeling regulations<\/h3>\n\t\t\t\t<div class=\"news-cat\"><\/div>\n\t\t\t<\/div>\n\t\t<\/div>\n\t<\/div>\n<\/div>\n<div class=\"news type-news wpnaw-blog-class has-date news-col-1 wpnaw-first\">\n\t<div class=\"news-inner-wrap-view news-clearfix wpnaw-news-no-image\">\n\t\t<div class=\"news-content\">\n\t\t\t<div class=\"date-post\">\n\t\t\t\t<h2><span>Travanj<\/span><\/h2>\n\t\t\t\t<p>2023<\/p>\n\t\t\t<\/div>\n\t\t\t<div class=\"post-content-text\">\n\t\t\t\t<h3 class=\"news-title\">Isporuka IoT medicinskog ure\u0111aja za klini\u010dko ispitivanje korisniku u SAD-u<\/h3>\n\t\t\t\t<div class=\"news-cat\"><\/div>\n\t\t\t<\/div>\n\t\t<\/div>\n\t<\/div>\n<\/div>\n<div class=\"news type-news wpnaw-blog-class has-date news-col-1 wpnaw-first\">\n\t<div class=\"news-inner-wrap-view news-clearfix wpnaw-news-no-image\">\n\t\t<div class=\"news-content\">\n\t\t\t<div class=\"date-post\">\n\t\t\t\t<h2><span>Listopad<\/span><\/h2>\n\t\t\t\t<p>2022<\/p>\n\t\t\t<\/div>\n\t\t\t<div class=\"post-content-text\">\n\t\t\t\t<h3 class=\"news-title\">Potpis ugovora za implementaciju ICAO Vidljivih digitalnih pe\u010data za ne-elektroni\u010dke dokumente<\/h3>\n\t\t\t\t<div class=\"news-cat\"><\/div>\n\t\t\t<\/div>\n\t\t<\/div>\n\t<\/div>\n<\/div>\n<div class=\"news type-news wpnaw-blog-class has-date news-col-1 wpnaw-first\">\n\t<div class=\"news-inner-wrap-view news-clearfix wpnaw-news-no-image\">\n\t\t<div class=\"news-content\">\n\t\t\t<div class=\"date-post\">\n\t\t\t\t<h2><span>Sije\u010danj<\/span><\/h2>\n\t\t\t\t<p>2022<\/p>\n\t\t\t<\/div>\n\t\t\t<div class=\"post-content-text\">\n\t\t\t\t<h3 class=\"news-title\">Isporuka rje\u0161enja klju\u010d u ruke za kontrolu isporuke opioidnih lijekova za korisnika u SAD-u<\/h3>\n\t\t\t\t<div class=\"news-cat\"><\/div>\n\t\t\t<\/div>\n\t\t<\/div>\n\t<\/div>\n<\/div>\n<div class=\"news type-news wpnaw-blog-class has-date news-col-1 wpnaw-first\">\n\t<div class=\"news-inner-wrap-view news-clearfix wpnaw-news-no-image\">\n\t\t<div class=\"news-content\">\n\t\t\t<div class=\"date-post\">\n\t\t\t\t<h2><span>Svibanj<\/span><\/h2>\n\t\t\t\t<p>2022<\/p>\n\t\t\t<\/div>\n\t\t\t<div class=\"post-content-text\">\n\t\t\t\t<h3 class=\"news-title\">Produ\u017eenje od 5 godina koncesije za EU TPD ID Issuer uslugu za dr\u017eavu \u010dlanicu EU<\/h3>\n\t\t\t\t<div class=\"news-cat\"><\/div>\n\t\t\t<\/div>\n\t\t<\/div>\n\t<\/div>\n<\/div>\n<div class=\"news type-news wpnaw-blog-class has-date news-col-1 wpnaw-first\">\n\t<div class=\"news-inner-wrap-view news-clearfix wpnaw-news-no-image\">\n\t\t<div class=\"news-content\">\n\t\t\t<div class=\"date-post\">\n\t\t\t\t<h2><span>Prosinac<\/span><\/h2>\n\t\t\t\t<p>2021<\/p>\n\t\t\t<\/div>\n\t\t\t<div class=\"post-content-text\">\n\t\t\t\t<h3 class=\"news-title\">produ\u017eenje ugovora za EU TPD ID Issuer uslugu za korisnika<\/h3>\n\t\t\t\t<div class=\"news-cat\"><\/div>\n\t\t\t<\/div>\n\t\t<\/div>\n\t<\/div>\n<\/div>\n<div class=\"news type-news wpnaw-blog-class has-date news-col-1 wpnaw-first\">\n\t<div class=\"news-inner-wrap-view news-clearfix wpnaw-news-no-image\">\n\t\t<div class=\"news-content\">\n\t\t\t<div class=\"date-post\">\n\t\t\t\t<h2><span>Kolovoz<\/span><\/h2>\n\t\t\t\t<p>2021<\/p>\n\t\t\t<\/div>\n\t\t\t<div class=\"post-content-text\">\n\t\t\t\t<h3 class=\"news-title\">ENSESO is a listed winner of the FDA Food Traceability Challenge!<\/h3>\n\t\t\t\t<div class=\"news-cat\"><a href=\"https:\/\/www.youtube.com\/watch?v=37Qzk9GhSaw\" target=\"_blank\">Pogledajte na\u0161u video prezentaciju &gt;&gt;<\/a><\/div>\n\t\t\t\t<div class=\"news-cat\"><a href=\"https:\/\/www.fda.gov\/food\/new-era-smarter-food-safety\/meet-winners-fdas-low-or-no-cost-food-traceability-challenge\" target=\"_blank\">Pro\u010ditajte slu\u017ebenu objavu FDA o pobjednicima &gt;&gt;<\/a><\/div>\n\t\t\t<\/div>\n\t\t<\/div>\n\t<\/div>\n<\/div>\n<div class=\"news type-news wpnaw-blog-class has-date news-col-1 wpnaw-first\">\n\t<div class=\"news-inner-wrap-view news-clearfix wpnaw-news-no-image\">\n\t\t<div class=\"news-content\">\n\t\t\t<div class=\"date-post\">\n\t\t\t\t<h2><span>Sije\u010danj<\/span><\/h2>\n\t\t\t\t<p>2021<\/p>\n\t\t\t<\/div>\n\t\t\t<div class=\"post-content-text\">\n\t\t\t\t<h3 class=\"news-title\">Implementacija EU Digitalne Covid Potvrde za dr\u017eavu \u010dlanicu EU, bazirane na Platformi pametnih dokumenata<\/h3>\n\t\t\t\t<div class=\"news-cat\"><\/div>\n\t\t\t<\/div>\n\t\t<\/div>\n\t<\/div>\n<\/div>\n<div class=\"news type-news wpnaw-blog-class has-date news-col-1 wpnaw-first\">\n\t<div class=\"news-inner-wrap-view news-clearfix wpnaw-news-no-image\">\n\t\t<div class=\"news-content\">\n\t\t\t<div class=\"date-post\">\n\t\t\t\t<h2><span>Svibanj<\/span><\/h2>\n\t\t\t\t<p>2020<\/p>\n\t\t\t<\/div>\n\t\t\t<div class=\"post-content-text\">\n\t\t\t\t<h3 class=\"news-title\">Pokretanje nacionalnog servisa za informiranje o povla\u010denju prehrambenih proizvoda za dr\u017eavu \u010dlanicu EU<\/h3>\n\t\t\t\t<div class=\"news-cat\"><\/div>\n\t\t\t<\/div>\n\t\t<\/div>\n\t<\/div>\n<\/div>\n<div class=\"news type-news wpnaw-blog-class has-date news-col-1 wpnaw-first\">\n\t<div class=\"news-inner-wrap-view news-clearfix wpnaw-news-no-image\">\n\t\t<div class=\"news-content\">\n\t\t\t<div class=\"date-post\">\n\t\t\t\t<h2><span>Svibanj<\/span><\/h2>\n\t\t\t\t<p>2019<\/p>\n\t\t\t<\/div>\n\t\t\t<div class=\"post-content-text\">\n\t\t\t\t<h3 class=\"news-title\">Jo\u0161 jedna uspje\u0161na implementacija EU TPD ID Issuer usluge, koncesija za dr\u017eavu \u010dlanicu EU<\/h3>\n\t\t\t\t<div class=\"news-cat\"><\/div>\n\t\t\t<\/div>\n\t\t<\/div>\n\t<\/div>\n<\/div>\n<div class=\"news type-news wpnaw-blog-class has-date news-col-1 wpnaw-first\">\n\t<div class=\"news-inner-wrap-view news-clearfix wpnaw-news-no-image\">\n\t\t<div class=\"news-content\">\n\t\t\t<div class=\"date-post\">\n\t\t\t\t<h2><span>Travanj<\/span><\/h2>\n\t\t\t\t<p>2019<\/p>\n\t\t\t<\/div>\n\t\t\t<div class=\"post-content-text\">\n\t\t\t\t<h3 class=\"news-title\">Uspje\u0161na implementacija prve EU TPD ID Issuer usluge u EU za korisnika<\/h3>\n\t\t\t\t<div class=\"news-cat\"><\/div>\n\t\t\t<\/div>\n\t\t<\/div>\n\t<\/div>\n<\/div>\n<div class=\"news type-news wpnaw-blog-class has-date news-col-1 wpnaw-first\">\n\t<div class=\"news-inner-wrap-view news-clearfix wpnaw-news-no-image\">\n\t<\/div>\n<\/div>\n\t\t<\/div>\n\t<\/div>\n<\/div><\/div><\/div><\/div><div class=\"eut-background-wrapper\"><\/div><\/div>","protected":false},"excerpt":{"rendered":"Trakkey Framework Enterprise serialization software framework.Trakkey Central Repository Enterprise central repository for traceability eventsENIOT IoT Sensors Environmental sensors enriching supply chain traceability information Do you want to find out more about our products? Contact Us Latest news March 2025 New contract for TPD ID issuer with an EU Member State. May 2024 Long term license [...]","protected":false},"author":1,"featured_media":0,"parent":0,"menu_order":0,"comment_status":"closed","ping_status":"closed","template":"","meta":{"inline_featured_image":false,"_monsterinsights_skip_tracking":false,"_monsterinsights_sitenote_active":false,"_monsterinsights_sitenote_note":"","_monsterinsights_sitenote_category":0,"footnotes":""},"class_list":["post-2","page","type-page","status-publish","hentry"],"_links":{"self":[{"href":"https:\/\/enseso.com\/hr\/wp-json\/wp\/v2\/pages\/2","targetHints":{"allow":["GET"]}}],"collection":[{"href":"https:\/\/enseso.com\/hr\/wp-json\/wp\/v2\/pages"}],"about":[{"href":"https:\/\/enseso.com\/hr\/wp-json\/wp\/v2\/types\/page"}],"author":[{"embeddable":true,"href":"https:\/\/enseso.com\/hr\/wp-json\/wp\/v2\/users\/1"}],"replies":[{"embeddable":true,"href":"https:\/\/enseso.com\/hr\/wp-json\/wp\/v2\/comments?post=2"}],"version-history":[{"count":89,"href":"https:\/\/enseso.com\/hr\/wp-json\/wp\/v2\/pages\/2\/revisions"}],"predecessor-version":[{"id":4645,"href":"https:\/\/enseso.com\/hr\/wp-json\/wp\/v2\/pages\/2\/revisions\/4645"}],"wp:attachment":[{"href":"https:\/\/enseso.com\/hr\/wp-json\/wp\/v2\/media?parent=2"}],"curies":[{"name":"wp","href":"https:\/\/api.w.org\/{rel}","templated":true}]}}