{"id":198,"date":"2015-08-06T12:12:38","date_gmt":"2015-08-06T12:12:38","guid":{"rendered":"http:\/\/www.ladeste.com\/?page_id=198"},"modified":"2021-04-05T16:40:08","modified_gmt":"2021-04-05T14:40:08","slug":"faq","status":"publish","type":"page","link":"https:\/\/enseso.com\/hr\/faq\/","title":{"rendered":"\u010cPP"},"content":{"rendered":"<div class=\"eut-section eut-row-section eut-fullwidth-background eut-padding-top-6x eut-padding-bottom-6x eut-bg-none\"  style=\"background-color:#00c8cc;background: linear-gradient(45deg,#00c8cc 0%,#35abea 100%);\"><div class=\"eut-container\"><div class=\"eut-row eut-bookmark eut-columns-gap-30\"><div class=\"eut-column wpb_column eut-column-1 eut-headings-light\" ><div class=\"eut-column-wrapper\" ><h1 class=\"eut-element eut-title eut-align-center eut-animated-item eut-zoom-in eut-duration-normal eut-h1\" style=\"\" data-delay=\"200\"><span>\u010cPP<\/span><\/h1><\/div><\/div><\/div><\/div><div class=\"eut-background-wrapper\"><\/div><div class=\"eut-separator-bottom\"><svg class=\"eut-separator eut-tilt-left-separator\" xmlns=\"http:\/\/www.w3.org\/2000\/svg\" version=\"1.1\" fill=\"#ffffff\" width=\"100%\" height=\"90\" viewbox=\"0 0 1920 90\" preserveaspectratio=\"none\"><polygon class=\"fil0\" points=\"1920,90 0,90 1920,0 \"\/><\/svg><\/div><\/div><div class=\"eut-section eut-row-section eut-fullwidth-background eut-padding-top-1x eut-padding-bottom-1x eut-bg-none\"><div class=\"eut-container\"><div class=\"eut-row eut-bookmark eut-columns-gap-30\"><div class=\"eut-column wpb_column eut-column-1\" ><div class=\"eut-column-wrapper\" ><div class=\"eut-element eut-accordion\"><ul class=\"eut-accordion-wrapper eut-action-accordion\"><li><div class=\"eut-title-wrapper eut-tab-link eut-align-left active\" data-rel=\"#product\"><div class=\"eut-accordion-arrow eut-accordion-triangle eut-position-left\"><i class=\"fa fa-caret-right\"><\/i><\/div><h3 class=\"eut-title eut-h6\">Mo\u017eemo li uvesti sljedivost na\u0161ih proizvoda na nereguliranim tr\u017ei\u0161tima ?<\/h3><\/div><div class=\"eut-accordion-content active\" id=\"product\"><div class=\"eut-element eut-text\">\r\n\t\t\t<p>Mo\u017eete. Uvo\u0111enjem sustava sljedivosti pove\u0107ava se povjerenje potro\u0161a\u010da, za\u0161tita od krivotvorenja proizvoda, mogu\u0107nost novog komunikacijskog kanala sa potro\u0161a\u010dima i na kraju kreiranje novog pozitivnog iskustva za va\u0161e potro\u0161a\u010de.<\/p>\n\r\n\t\t<\/div>\r\n\t<\/div><\/li><li><div class=\"eut-title-wrapper eut-tab-link eut-align-left\" data-rel=\"#1566166117655-a8b3d80c-4886\"><div class=\"eut-accordion-arrow eut-accordion-triangle eut-position-left\"><i class=\"fa fa-caret-right\"><\/i><\/div><h3 class=\"eut-title eut-h6\">Da li je sljedivost zakonska obveza ?<\/h3><\/div><div class=\"eut-accordion-content\" id=\"1566166117655-a8b3d80c-4886\"><div class=\"eut-element eut-text\">\r\n\t\t\t<p>Sljedivost postaje zakonska obveza u mnogim industrijama u svijetu, sa razli\u010ditim rokovima uvo\u0111enja. Neke industrije mogu biti regulirane ovisno o specifi\u010dnim proizvodnim ili distribucijskim pravilima.<\/p>\n\r\n\t\t<\/div>\r\n\t<\/div><\/li><li><div class=\"eut-title-wrapper eut-tab-link eut-align-left\" data-rel=\"#1566166092927-2623f5ab-4b89\"><div class=\"eut-accordion-arrow eut-accordion-triangle eut-position-left\"><i class=\"fa fa-caret-right\"><\/i><\/div><h3 class=\"eut-title eut-h6\">\u0160to radi va\u0161a platforma ?<\/h3><\/div><div class=\"eut-accordion-content\" id=\"1566166092927-2623f5ab-4b89\"><div class=\"eut-element eut-text\">\r\n\t\t\t<p>Na\u0161a platforma olak\u0161ava rje\u0161avanje regulatornih zahtjeva za sljedivosti na tr\u017ei\u0161tu te dodano pobolj\u0161ava korisni\u010dko iskustvo, lojalnost i sigurnost proizvoda. Pru\u017eamo i upravljamo sustavima za izdavanje kodova sljedivosti u razli\u010ditim svjetskim standardima, razli\u010ditim nosa\u010dima podataka uz integraciju sa postoje\u0107im IT sustavima prema dogovoru. Otvaramo nove digitalne komunikacijske kanale prema potro\u0161a\u010dima. Dodatno, na\u0161a platforma direktno komunicira prema potrebi sa nadle\u017enim regulatornim sustavima gdje se kodovi sljedivosti pohranjuju ili uspore\u0111uju sa ve\u0107 postoje\u0107im podacima.<\/p>\n\r\n\t\t<\/div>\r\n\t<\/div><\/li><li><div class=\"eut-title-wrapper eut-tab-link eut-align-left\" data-rel=\"#1566166053598-b9cc420c-f5dc\"><div class=\"eut-accordion-arrow eut-accordion-triangle eut-position-left\"><i class=\"fa fa-caret-right\"><\/i><\/div><h3 class=\"eut-title eut-h6\">Da li va\u0161a platforma mo\u017ee upravljati sa cijelim ciklusom procesa sljedivosti ?<\/h3><\/div><div class=\"eut-accordion-content\" id=\"1566166053598-b9cc420c-f5dc\"><div class=\"eut-element eut-text\">\r\n\t\t\t<p>Da. Na\u0161a platforma generira i pohranjuje serijske brojeve i kodove sljedivosti koji se implementiraju na proizvodima \/ ambala\u017ei. Dodatno, mogu se pohraniti i bilo kakvi dodatni podaci vezani uz opskrbni lanac za daljnje kori\u0161tenje.  Platforma mo\u017ee slu\u017eiti i kao sustav verifikacije gdje ovla\u0161tene osobe i\/ili potro\u0161a\u010di mogu provjeravati valjanost izdanih kodova sljedivosti.<\/p>\n\r\n\t\t<\/div>\r\n\t<\/div><\/li><li><div class=\"eut-title-wrapper eut-tab-link eut-align-left\" data-rel=\"#1566166027648-59933856-647e\"><div class=\"eut-accordion-arrow eut-accordion-triangle eut-position-left\"><i class=\"fa fa-caret-right\"><\/i><\/div><h3 class=\"eut-title eut-h6\">Da li podr\u017eavate sve postoje\u0107e standarde sljedivosti ?<\/h3><\/div><div class=\"eut-accordion-content\" id=\"1566166027648-59933856-647e\"><div class=\"eut-element eut-text\">\r\n\t\t\t<p>Da. Kontinuirano pratimo promjene u regulativama svih industrija i jurisdikcija globalno. Na\u0161a platforma podr\u017eava sve najbitnije regulative i mijenja \/ prilago\u0111ava se trenutno va\u017ee\u0107im regulatornim aktima. Sve promjene se a\u017euriraju interno unutar tvrtke u najkra\u0107e mogu\u0107em roku.<\/p>\n\r\n\t\t<\/div>\r\n\t<\/div><\/li><li><div class=\"eut-title-wrapper eut-tab-link eut-align-left\" data-rel=\"#1566165994239-0a0a1311-53d8\"><div class=\"eut-accordion-arrow eut-accordion-triangle eut-position-left\"><i class=\"fa fa-caret-right\"><\/i><\/div><h3 class=\"eut-title eut-h6\">Da li podr\u017eavate Datamatrix, Dotcode, QR kod i ostale nosa\u010de podataka ?<\/h3><\/div><div class=\"eut-accordion-content\" id=\"1566165994239-0a0a1311-53d8\"><div class=\"eut-element eut-text\">\r\n\t\t\t<p>Na\u0161a platforma je neovisna o nosa\u010dima podataka. Podr\u017eavamo ve\u0107inu 1D i 2D barkodova kao i NFC\/RFID nosa\u010de podataka.<\/p>\n\r\n\t\t<\/div>\r\n\t<\/div><\/li><li><div class=\"eut-title-wrapper eut-tab-link eut-align-left\" data-rel=\"#1566165965807-7ab2891a-00ee\"><div class=\"eut-accordion-arrow eut-accordion-triangle eut-position-left\"><i class=\"fa fa-caret-right\"><\/i><\/div><h3 class=\"eut-title eut-h6\">Kako va\u0161a platforma komunicira sa vanjskim svijetom ?<\/h3><\/div><div class=\"eut-accordion-content\" id=\"1566165965807-7ab2891a-00ee\"><div class=\"eut-element eut-text\">\r\n\t\t\t<p>Na\u0161a platforma podr\u017eava dva na\u010dina: (1) web bazirano korisni\u010dko su\u010delje unutar kojeg se izvr\u0161avaju sve funkcije sustava. (2) kori\u0161tenjem REST API su\u010delja omogu\u0107ena je integracija sa postoje\u0107im internim sustavima korisnika. Dodatno, imamo i mobilne aplikacije (iOS i Android) koje se koriste za potrebe logistike, verifikacije i marketinga.<\/p>\n\r\n\t\t<\/div>\r\n\t<\/div><\/li><li><div class=\"eut-title-wrapper eut-tab-link eut-align-left\" data-rel=\"#1566165934760-ab62bebc-5e91\"><div class=\"eut-accordion-arrow eut-accordion-triangle eut-position-left\"><i class=\"fa fa-caret-right\"><\/i><\/div><h3 class=\"eut-title eut-h6\">Da li va\u0161a platforma radi isklju\u010divo u oblaku ?<\/h3><\/div><div class=\"eut-accordion-content\" id=\"1566165934760-ab62bebc-5e91\"><div class=\"eut-element eut-text\">\r\n\t\t\t<p>Na\u0161 sustav se mo\u017ee koristiti kao hibridno rje\u0161enje. Pru\u017eamo uslugu kori\u0161tenja na na\u0161oj infrastrukturi. Prema zahtjevu, platforma se mo\u017ee koristiti i na vanjskom privatnom ili javnom oblaku. Sustav se mo\u017ee licencirati za kori\u0161tenje unutar interne infrastrukture korisnika, kao posebna instanca u vlasni\u0161tvu korisnika. Na\u0161a misija je pru\u017eiti na\u0161im korisnicima fleksibilnu platformu sa maksimalnom dostupno\u0161\u0107u zadr\u017eavaju\u0107i prihvatljive operativne tro\u0161kove kori\u0161tenja.<\/p>\n\r\n\t\t<\/div>\r\n\t<\/div><\/li><li><div class=\"eut-title-wrapper eut-tab-link eut-align-left\" data-rel=\"#label\"><div class=\"eut-accordion-arrow eut-accordion-triangle eut-position-left\"><i class=\"fa fa-caret-right\"><\/i><\/div><h3 class=\"eut-title eut-h6\">Da li pru\u017eate uslugu brendiranja mobilnih aplikacija ?<\/h3><\/div><div class=\"eut-accordion-content\" id=\"label\"><div class=\"eut-element eut-text\">\r\n\t\t\t<p>Da. Za korisnike koji \u017eele imati svoje brendirane aplikacije, postoje\u0107e mobilne aplikacije mo\u017eemo prilagoditi njihovom brendu i dizajnu.<\/p>\n\r\n\t\t<\/div>\r\n\t<\/div><\/li><li><div class=\"eut-title-wrapper eut-tab-link eut-align-left\" data-rel=\"#2d\"><div class=\"eut-accordion-arrow eut-accordion-triangle eut-position-left\"><i class=\"fa fa-caret-right\"><\/i><\/div><h3 class=\"eut-title eut-h6\">U slu\u010daju kori\u0161tenja QR koda kao nosa\u010da podataka, za\u0161to koristiti va\u0161u aplikaciju umjesto \"klasi\u010dne\" QR aplikacije ?<\/h3><\/div><div class=\"eut-accordion-content\" id=\"2d\"><div class=\"eut-element eut-text\">\r\n\t\t\t<p>\"Klasi\u010dni\" QR \u010dita\u010di nisu programirani da interpretiraju kodove druga\u010dije od zadanog standarda. Trenutno ne postoji globalni standard za interpretaciju QR kodova sljedivosti. Dodatno, specijalizirana mobilna aplikacija pru\u017ea i dodatne pogodnosti : razmjena informacija u mati\u010dnom jeziku potro\u0161a\u010da, dvosmjerna razmjena podataka sa potro\u0161a\u010dima, PUSH notifikacije u slu\u010daju povla\u010denja proizvoda sa tr\u017ei\u0161ta ili drugih upozorenja o zdravlju itd.<\/p>\n\r\n\t\t<\/div>\r\n\t<\/div><\/li><li><div class=\"eut-title-wrapper eut-tab-link eut-align-left\" data-rel=\"#platform\"><div class=\"eut-accordion-arrow eut-accordion-triangle eut-position-left\"><i class=\"fa fa-caret-right\"><\/i><\/div><h3 class=\"eut-title eut-h6\">Sigurnost platforme ?<\/h3><\/div><div class=\"eut-accordion-content\" id=\"platform\"><div class=\"eut-element eut-text\">\r\n\t\t\t<p>Ovo su ozbiljne stvari. Problematici sigurnosti posve\u0107ujemo posebnu pa\u017enju. Zaista se jako trudimo osigurati maksimalnu za\u0161titu SVIH strana anga\u017eiranih na na\u0161oj platformi usvajanjem najboljih praksi u informacijskoj tehnologiji. Osim ako to nije nalo\u017eio (1) legitimni sud s nadle\u017enom osobnom i predmetnom nadle\u017eno\u0161\u0107u; ili (2) dr\u017eavna agencija nadle\u017ena da zatra\u017ei otkrivanje podataka, nikada ne dijelimo i ne koristimo ni\u010dije podatke bez izri\u010ditog dopu\u0161tenja vlasnika podataka. Arhitektura sustava planira se, projektira i izvodi kako bi se rizik umanjio. Na\u0161a je infrastruktura udomljena u podatkovnim centrima sukladno ISO 27001 standardu. Zapisi u na\u0161oj bazi podataka po \u017eelji se \u0161ifriraju sigurnosnim klju\u010devima pohranjenim u HSM-u. Sve informacije razmijenjene s kupcima osigurane su putem VPN \/ HTTPS komunikacijskih protokola.<\/p>\n\r\n\t\t<\/div>\r\n\t<\/div><\/li><\/ul><\/div><\/div><\/div><\/div><\/div><div class=\"eut-background-wrapper\"><\/div><\/div>","protected":false},"excerpt":{"rendered":"FAQCan we implement serialization for our products in non-regulated markets ? Sure you can. Serialization implementation can bring increased consumer trust, protection against counterfeiting, possibility to develop new 1:1 communication channels with consumers and in the end, create a new positive experience for consumers of your products. Is product serialization mandatory ? Serialization is becoming [...]","protected":false},"author":1,"featured_media":0,"parent":0,"menu_order":0,"comment_status":"open","ping_status":"open","template":"","meta":{"inline_featured_image":false,"_monsterinsights_skip_tracking":false,"_monsterinsights_sitenote_active":false,"_monsterinsights_sitenote_note":"","_monsterinsights_sitenote_category":0,"footnotes":""},"class_list":["post-198","page","type-page","status-publish","hentry"],"_links":{"self":[{"href":"https:\/\/enseso.com\/hr\/wp-json\/wp\/v2\/pages\/198","targetHints":{"allow":["GET"]}}],"collection":[{"href":"https:\/\/enseso.com\/hr\/wp-json\/wp\/v2\/pages"}],"about":[{"href":"https:\/\/enseso.com\/hr\/wp-json\/wp\/v2\/types\/page"}],"author":[{"embeddable":true,"href":"https:\/\/enseso.com\/hr\/wp-json\/wp\/v2\/users\/1"}],"replies":[{"embeddable":true,"href":"https:\/\/enseso.com\/hr\/wp-json\/wp\/v2\/comments?post=198"}],"version-history":[{"count":21,"href":"https:\/\/enseso.com\/hr\/wp-json\/wp\/v2\/pages\/198\/revisions"}],"predecessor-version":[{"id":4164,"href":"https:\/\/enseso.com\/hr\/wp-json\/wp\/v2\/pages\/198\/revisions\/4164"}],"wp:attachment":[{"href":"https:\/\/enseso.com\/hr\/wp-json\/wp\/v2\/media?parent=198"}],"curies":[{"name":"wp","href":"https:\/\/api.w.org\/{rel}","templated":true}]}}