{"id":168,"date":"2015-07-29T10:31:55","date_gmt":"2015-07-29T10:31:55","guid":{"rendered":"http:\/\/www.ladeste.com\/?page_id=168"},"modified":"2021-07-12T18:52:43","modified_gmt":"2021-07-12T16:52:43","slug":"consumer-awareness","status":"publish","type":"page","link":"https:\/\/enseso.com\/hr\/consumer-awareness\/","title":{"rendered":"Potro\u0161a\u010dka svijest"},"content":{"rendered":"<div class=\"eut-section eut-row-section eut-fullwidth-background eut-padding-top-6x eut-padding-bottom-6x eut-bg-none\"  style=\"background-color:rgb(3,78,144);background-color:rgba(3,78,144,0.9);background: linear-gradient(45deg,rgba(3,78,144,0.9) 0%,rgba(25,180,215,0.9) 100%);\"><div class=\"eut-container\"><div class=\"eut-row eut-bookmark eut-columns-gap-30\"><div class=\"eut-column wpb_column eut-column-1 eut-headings-light\"  style=\"color:#ffffff;\" ><div class=\"eut-column-wrapper\" ><h1 class=\"eut-element eut-title eut-align-center eut-animated-item eut-fade-in-left-big eut-duration-fast eut-h1\" style=\"\" data-delay=\"200\"><span>Potro\u0161a\u010dka svijest<\/span><\/h1><div class=\"eut-element eut-text eut-subtitle eut-animated-item eut-fade-in-right-big eut-duration-fast\" data-delay=\"200\">\r\n\t\t\t<p style=\"text-align: center;\">Kako se prilagoditi potrebama modernih potro\u0161a\u010da<\/p>\n\r\n\t\t<\/div>\r\n\t<\/div><\/div><\/div><\/div><div class=\"eut-background-wrapper\"><\/div><div class=\"eut-separator-bottom\"><svg class=\"eut-separator eut-tilt-left-separator\" xmlns=\"http:\/\/www.w3.org\/2000\/svg\" version=\"1.1\" fill=\"#ffffff\" width=\"100%\" height=\"60\" viewbox=\"0 0 1920 90\" preserveaspectratio=\"none\"><polygon class=\"fil0\" points=\"0,90 1920,90 0,0 \"\/><\/svg><\/div><\/div><div class=\"eut-section eut-row-section eut-fullwidth-background eut-padding-top-3x eut-padding-bottom-3x eut-bg-none\"><div class=\"eut-container\"><div class=\"eut-row eut-bookmark eut-columns-gap-60\"><div class=\"eut-column wpb_column eut-column-1\" ><div class=\"eut-column-wrapper\" ><h1 class=\"eut-element eut-title eut-align-center eut-h3\" style=\"\"><span><br>\n<p style=\"text-align: center;\">Potro\u0161a\u010dka svijest je postala vrlo va\u017ean \u010dimbenik u svjetlu pove\u0107anog broja \u0161tetnih doga\u0111aja u razli\u010ditim industrijama, zbog krivotvorenja ili ne\u017eeljenih doga\u0111aja sa proizvodima<br>\n<\/span><\/h1><div class=\"eut-row-inner eut-bookmark\">\r\n\t\t<div class=\"eut-column-inner wpb_column eut-column-1-6\">\r\n\t\t\t<div class=\"eut-column-wrapper-inner\">\r\n\t\t\t\r\n\t\t\t<\/div>\r\n\t\t<\/div>\r\n\t\r\n\t\t<div class=\"eut-column-inner wpb_column eut-column-2-3\">\r\n\t\t\t<div class=\"eut-column-wrapper-inner\">\r\n\t\t\t<h1 class=\"eut-element eut-title eut-align-center eut-subtitle-text\" style=\"\"><span><br>\n<p style=\"text-align: center;\">INFORMACIJE SE BRZO \u0160IRE PUTEM INTERNETA. ZADR\u017dAVANJE POVJERENJA POTRO\u0160A\u010cA MORA BITI PRIMARNI FOKUS SVAKOG PROIZVO\u0110A\u010cA.<br>\n<\/span><\/h1><div class=\"eut-empty-space eut-height-3x\" style=\"\"><\/div>\r\n\t\t\t<\/div>\r\n\t\t<\/div>\r\n\t\r\n\t\t<div class=\"eut-column-inner wpb_column eut-column-1-6\">\r\n\t\t\t<div class=\"eut-column-wrapper-inner\">\r\n\t\t\t\r\n\t\t\t<\/div>\r\n\t\t<\/div>\r\n\t<\/div><\/div><\/div><\/div><\/div><div class=\"eut-background-wrapper\"><\/div><\/div><div class=\"eut-section eut-row-section eut-fullwidth-background eut-padding-top-1x eut-padding-bottom-3x eut-bg-none eut-custom-height eut-middle-content\"><div class=\"eut-container\"><div class=\"eut-row eut-bookmark eut-columns-gap-30\"><div class=\"eut-column wpb_column eut-column-5-6 eut-parallax-effect\"  style=\"color:#ffffff;\"  data-parallax-effect=\"vertical-parallax\" data-sensitive=\"low\" data-limit=\"1x\" data-invert=\"false\" data-tablet-portrait-parallax-effect=\"none\" data-mobile-parallax-effect=\"none\"><div class=\"eut-column-wrapper vc_custom_1566767701906 eut-drop-shadow\" ><h3 style=\"color: #000000;text-align: center\" class=\"vc_custom_heading\" >Za\u0161to sljedivost ?<\/h3><div class=\"eut-row-inner eut-bookmark\">\r\n\t\t<div class=\"eut-column-inner wpb_column eut-column-1-3\">\r\n\t\t\t<div class=\"eut-column-wrapper-inner vc_custom_1564517257655\">\r\n\t\t\t<h3 class=\"eut-element eut-title eut-align-left eut-h5\" style=\"\"><span>Izvrstan na\u010din za pra\u0107enje doga\u0111aja u opskrbnom lancu i upravljanje problemati\u010dnim situacijama kao npr. opozivom proizvoda<\/span><\/h3>\r\n\t\t\t<\/div>\r\n\t\t<\/div>\r\n\t\r\n\t\t<div class=\"eut-column-inner wpb_column eut-column-1-3\">\r\n\t\t\t<div class=\"eut-column-wrapper-inner vc_custom_1566760381679\">\r\n\t\t\t<div class=\"eut-element eut-image eut-align-center eut-full-image eut-image-space-100\" style=\"\">  <div class=\"eut-image-wrapper\"><img loading=\"lazy\" decoding=\"async\" width=\"152\" height=\"152\" src=\"https:\/\/enseso.com\/wp-content\/uploads\/2019\/08\/Group-167.svg\" class=\"attachment-medium size-medium\" alt=\"\" \/>   <\/div><\/div>\r\n\t\t\t<\/div>\r\n\t\t<\/div>\r\n\t\r\n\t\t<div class=\"eut-column-inner wpb_column eut-column-1-3\">\r\n\t\t\t<div class=\"eut-column-wrapper-inner vc_custom_1564517271576\">\r\n\t\t\t<h3 class=\"eut-element eut-title eut-align-left eut-h5\" style=\"\"><span>Podignite svijest potro\u0161a\u010da na vi\u0161u razinu i otvorite direktne kanale komunikacije<\/span><\/h3>\r\n\t\t\t<\/div>\r\n\t\t<\/div>\r\n\t<\/div><\/div><\/div><div class=\"eut-column wpb_column eut-column-1-6\" ><div class=\"eut-column-wrapper\" ><\/div><\/div><\/div><\/div><div class=\"eut-background-wrapper\"><\/div><\/div><div class=\"eut-section eut-row-section eut-fullwidth-background eut-padding-top-1x eut-padding-bottom-3x eut-bg-none eut-custom-height eut-middle-content\"><div class=\"eut-container\"><div class=\"eut-row eut-bookmark eut-columns-gap-30\"><div class=\"eut-column wpb_column eut-column-1-6\" ><div class=\"eut-column-wrapper\" ><\/div><\/div><div class=\"eut-column wpb_column eut-column-5-6 eut-parallax-effect\"  style=\"color:#ffffff;\"  data-parallax-effect=\"vertical-parallax\" data-sensitive=\"low\" data-limit=\"1x\" data-invert=\"false\" data-tablet-portrait-parallax-effect=\"none\" data-mobile-parallax-effect=\"none\"><div class=\"eut-column-wrapper vc_custom_1566760984997 eut-drop-shadow\" ><div class=\"eut-row-inner eut-bookmark\">\r\n\t\t<div class=\"eut-column-inner wpb_column eut-column-2-3\">\r\n\t\t\t<div class=\"eut-column-wrapper-inner vc_custom_1564513796186\">\r\n\t\t\t<h3 style=\"color: #000000;text-align: left\" class=\"vc_custom_heading\" >Priznanje<\/h3><h3 class=\"eut-element eut-title eut-align-left eut-h5\" style=\"\"><span>Usmena predaja je jedan od najboljih marketin\u0161kih kanala. Budite sigurni da va\u0161i potro\u0161a\u010di prenose pozitivne informacije o va\u0161im proizvodima...<\/span><\/h3>\r\n\t\t\t<\/div>\r\n\t\t<\/div>\r\n\t\r\n\t\t<div class=\"eut-column-inner wpb_column eut-column-1-3\">\r\n\t\t\t<div class=\"eut-column-wrapper-inner vc_custom_1566760730806\">\r\n\t\t\t<div class=\"eut-element eut-image eut-align-center eut-full-image eut-image-space-100\" style=\"\">  <div class=\"eut-image-wrapper\"><img loading=\"lazy\" decoding=\"async\" width=\"152\" height=\"152\" src=\"https:\/\/enseso.com\/wp-content\/uploads\/2019\/08\/Group-168.svg\" class=\"attachment-medium size-medium\" alt=\"\" \/>   <\/div><\/div>\r\n\t\t\t<\/div>\r\n\t\t<\/div>\r\n\t<\/div><\/div><\/div><\/div><\/div><div class=\"eut-background-wrapper\"><\/div><\/div><div class=\"eut-section eut-row-section eut-fullwidth-background eut-padding-top-1x eut-padding-bottom-3x eut-bg-none eut-custom-height eut-middle-content\"><div class=\"eut-container\"><div class=\"eut-row eut-bookmark eut-columns-gap-30\"><div class=\"eut-column wpb_column eut-column-1 eut-parallax-effect\"  style=\"color:#ffffff;\"  data-parallax-effect=\"vertical-parallax\" data-sensitive=\"low\" data-limit=\"1x\" data-invert=\"false\" data-tablet-portrait-parallax-effect=\"none\" data-mobile-parallax-effect=\"none\"><div class=\"eut-column-wrapper vc_custom_1566760788406 eut-drop-shadow\" ><div class=\"eut-row-inner eut-bookmark\">\r\n\t\t<div class=\"eut-column-inner wpb_column eut-column-1-3\">\r\n\t\t\t<div class=\"eut-column-wrapper-inner vc_custom_1566761113973\">\r\n\t\t\t<div class=\"eut-element eut-image eut-align-center eut-full-image eut-image-space-100\" style=\"\">  <div class=\"eut-image-wrapper\"><img loading=\"lazy\" decoding=\"async\" width=\"152\" height=\"152\" src=\"https:\/\/enseso.com\/wp-content\/uploads\/2019\/08\/Group-169.svg\" class=\"attachment-medium size-medium\" alt=\"\" \/>   <\/div><\/div>\r\n\t\t\t<\/div>\r\n\t\t<\/div>\r\n\t\r\n\t\t<div class=\"eut-column-inner wpb_column eut-column-2-3\">\r\n\t\t\t<div class=\"eut-column-wrapper-inner vc_custom_1566760952566\">\r\n\t\t\t<h3 style=\"color: #000000;text-align: left\" class=\"vc_custom_heading\" >Dru\u0161tvena odgovornost<\/h3><h3 class=\"eut-element eut-title eut-align-left eut-h5\" style=\"\"><span>Proizvo\u0111a\u010di bi se trebali pona\u0161ati na najbolji na\u010din da ostanu dru\u0161tveno odgovorni. Iskrenost, precizne informacije o proizvodima i njihovim sastojcima, pravilna reakcija u problemati\u010dnim situacijama oja\u010dati \u0107e va\u0161u dru\u0161tvenu odgovornost i va\u0161oj robnoj marki dati konkurentsku prednost. I, naravno, govore\u0107i jezikom i pismom potro\u0161a\u010da<\/span><\/h3>\r\n\t\t\t<\/div>\r\n\t\t<\/div>\r\n\t<\/div><\/div><\/div><\/div><\/div><div class=\"eut-background-wrapper\"><\/div><\/div><div class=\"eut-section eut-row-section eut-fullwidth-background eut-padding-top-1x eut-padding-bottom-3x eut-bg-none eut-custom-height eut-middle-content\"><div class=\"eut-container\"><div class=\"eut-row eut-bookmark eut-columns-gap-30\"><div class=\"eut-column wpb_column eut-column-5-6 eut-parallax-effect\"  style=\"color:#ffffff;\"  data-parallax-effect=\"vertical-parallax\" data-sensitive=\"low\" data-limit=\"1x\" data-invert=\"false\" data-tablet-portrait-parallax-effect=\"none\" data-mobile-parallax-effect=\"none\"><div class=\"eut-column-wrapper vc_custom_1566761001685 eut-drop-shadow\" ><div class=\"eut-row-inner eut-bookmark\">\r\n\t\t<div class=\"eut-column-inner wpb_column eut-column-2-3\">\r\n\t\t\t<div class=\"eut-column-wrapper-inner vc_custom_1564513796186\">\r\n\t\t\t<h3 style=\"color: #000000;text-align: left\" class=\"vc_custom_heading\" >Napravite promjenu<\/h3><h3 class=\"eut-element eut-title eut-align-left eut-h5\" style=\"\"><span>Nezadovoljni potro\u0161a\u010di su izvanredan izvor prihoda za va\u0161e konkurente.<br \/>\nZadr\u017eite va\u0161e potro\u0161a\u010de zadovoljnima. U\u010dinite ne\u0161to da vjeruju u va\u0161e proizvode, njihovu kvalitetu i sigurnost. Jednostavno.<\/span><\/h3>\r\n\t\t\t<\/div>\r\n\t\t<\/div>\r\n\t\r\n\t\t<div class=\"eut-column-inner wpb_column eut-column-1-3\">\r\n\t\t\t<div class=\"eut-column-wrapper-inner vc_custom_1566761124861\">\r\n\t\t\t<div class=\"eut-element eut-image eut-align-center eut-full-image eut-image-space-100\" style=\"\">  <div class=\"eut-image-wrapper\"><img loading=\"lazy\" decoding=\"async\" width=\"152\" height=\"152\" src=\"https:\/\/enseso.com\/wp-content\/uploads\/2019\/08\/Group-170.svg\" class=\"attachment-medium size-medium\" alt=\"\" \/>   <\/div><\/div>\r\n\t\t\t<\/div>\r\n\t\t<\/div>\r\n\t<\/div><\/div><\/div><div class=\"eut-column wpb_column eut-column-1-6\" ><div class=\"eut-column-wrapper\" ><\/div><\/div><\/div><\/div><div class=\"eut-background-wrapper\"><\/div><\/div><div class=\"eut-section eut-row-section eut-fullwidth-background eut-padding-top-2x eut-padding-bottom-2x eut-bg-none\"><div class=\"eut-container\"><div class=\"eut-row eut-bookmark eut-columns-gap-30\"><div class=\"eut-column wpb_column eut-column-1 eut-parallax-effect\"  style=\"color:#ffffff;\"  data-parallax-effect=\"vertical-parallax\" data-sensitive=\"low\" data-limit=\"1x\" data-invert=\"false\" data-tablet-portrait-parallax-effect=\"none\" data-mobile-parallax-effect=\"none\"><div class=\"eut-column-wrapper vc_custom_1566761229869\" ><h3 style=\"color: #000000;text-align: center\" class=\"vc_custom_heading\" >Kako to funkcionira ?<\/h3><\/div><\/div><\/div><\/div><div class=\"eut-background-wrapper\"><\/div><\/div><div class=\"eut-section eut-row-section eut-fullwidth-background eut-padding-top-1x eut-padding-bottom-1x eut-bg-none\"><div class=\"eut-container\"><div class=\"eut-row eut-bookmark eut-columns-gap-30\"><div class=\"eut-column wpb_column eut-column-1-6 eut-parallax-effect\"  data-parallax-effect=\"vertical-parallax\" data-sensitive=\"low\" data-limit=\"1x\" data-invert=\"false\" data-tablet-portrait-parallax-effect=\"none\" data-mobile-parallax-effect=\"none\"><div class=\"eut-column-wrapper vc_custom_1566761303444\" ><\/div><\/div><div class=\"eut-column wpb_column eut-column-2-3\" ><div class=\"eut-column-wrapper vc_custom_1566761536451 eut-drop-shadow\" ><div class=\"eut-row-inner eut-bookmark\">\r\n\t\t<div class=\"eut-column-inner wpb_column eut-column-1-4\">\r\n\t\t\t<div class=\"eut-column-wrapper-inner\">\r\n\t\t\t<div class=\"eut-element eut-image eut-align-center\" style=\"\">  <div class=\"eut-image-wrapper\"><img loading=\"lazy\" decoding=\"async\" width=\"220\" height=\"163\" src=\"https:\/\/enseso.com\/wp-content\/uploads\/2019\/07\/Group-150.svg\" class=\"attachment-full size-full\" alt=\"\" \/>   <\/div><\/div>\r\n\t\t\t<\/div>\r\n\t\t<\/div>\r\n\t\r\n\t\t<div class=\"eut-column-inner wpb_column eut-column-3-4\">\r\n\t\t\t<div class=\"eut-column-wrapper-inner vc_custom_1566761845043\">\r\n\t\t\t<h3 class=\"eut-element eut-title eut-align-left eut-h5\" style=\"\"><span>Ozna\u010dite va\u0161e proizvode za vrijeme proizvodnje i pohranite informacije u na\u0161em sustavu.<\/span><\/h3>\r\n\t\t\t<\/div>\r\n\t\t<\/div>\r\n\t<\/div><\/div><\/div><div class=\"eut-column wpb_column eut-column-1-6\" ><div class=\"eut-column-wrapper\" ><\/div><\/div><\/div><\/div><div class=\"eut-background-wrapper\"><\/div><\/div><div class=\"eut-section eut-row-section eut-fullwidth-background eut-padding-top-1x eut-padding-bottom-1x eut-bg-none\"><div class=\"eut-container\"><div class=\"eut-row eut-bookmark eut-columns-gap-30\"><div class=\"eut-column wpb_column eut-column-2-3 eut-parallax-effect\"  data-parallax-effect=\"vertical-parallax\" data-sensitive=\"low\" data-limit=\"1x\" data-invert=\"false\" data-tablet-portrait-parallax-effect=\"none\" data-mobile-parallax-effect=\"none\"><div class=\"eut-column-wrapper vc_custom_1566761726268 eut-drop-shadow\" ><div class=\"eut-row-inner eut-bookmark\">\r\n\t\t<div class=\"eut-column-inner wpb_column eut-column-3-4\">\r\n\t\t\t<div class=\"eut-column-wrapper-inner vc_custom_1566761768579\">\r\n\t\t\t<h3 class=\"eut-element eut-title eut-align-left eut-h5\" style=\"\"><span>Proizvodi su dostupni potro\u0161a\u010dima u trgovinama ili Internet trgovinama<\/span><\/h3>\r\n\t\t\t<\/div>\r\n\t\t<\/div>\r\n\t\r\n\t\t<div class=\"eut-column-inner wpb_column eut-column-1-4\">\r\n\t\t\t<div class=\"eut-column-wrapper-inner\">\r\n\t\t\t<div class=\"eut-element eut-image eut-align-center\" style=\"\">  <div class=\"eut-image-wrapper\"><img loading=\"lazy\" decoding=\"async\" width=\"191\" height=\"199\" src=\"https:\/\/enseso.com\/wp-content\/uploads\/2019\/07\/Group-149.svg\" class=\"attachment-full size-full\" alt=\"\" \/>   <\/div><\/div>\r\n\t\t\t<\/div>\r\n\t\t<\/div>\r\n\t<\/div><\/div><\/div><div class=\"eut-column wpb_column eut-column-1-3\" ><div class=\"eut-column-wrapper vc_custom_1566761713299\" ><\/div><\/div><\/div><\/div><div class=\"eut-background-wrapper\"><\/div><\/div><div class=\"eut-section eut-row-section eut-fullwidth-background eut-padding-top-1x eut-padding-bottom-3x eut-bg-none\"><div class=\"eut-container\"><div class=\"eut-row eut-bookmark eut-columns-gap-30\"><div class=\"eut-column wpb_column eut-column-1-4 eut-parallax-effect\"  data-parallax-effect=\"vertical-parallax\" data-sensitive=\"low\" data-limit=\"1x\" data-invert=\"false\" data-tablet-portrait-parallax-effect=\"none\" data-mobile-parallax-effect=\"none\"><div class=\"eut-column-wrapper vc_custom_1566761303444\" ><\/div><\/div><div class=\"eut-column wpb_column eut-column-3-4\" ><div class=\"eut-column-wrapper vc_custom_1566761536451 eut-drop-shadow\" ><div class=\"eut-row-inner eut-bookmark\">\r\n\t\t<div class=\"eut-column-inner wpb_column eut-column-1-4\">\r\n\t\t\t<div class=\"eut-column-wrapper-inner\">\r\n\t\t\t<div class=\"eut-element eut-image eut-align-center\" style=\"\">  <div class=\"eut-image-wrapper\"><img loading=\"lazy\" decoding=\"async\" width=\"160\" height=\"215\" src=\"https:\/\/enseso.com\/wp-content\/uploads\/2019\/07\/Group-151.svg\" class=\"attachment-full size-full\" alt=\"\" \/>   <\/div><\/div>\r\n\t\t\t<\/div>\r\n\t\t<\/div>\r\n\t\r\n\t\t<div class=\"eut-column-inner wpb_column eut-column-3-4\">\r\n\t\t\t<div class=\"eut-column-wrapper-inner\">\r\n\t\t\t<h3 class=\"eut-element eut-title eut-align-left eut-h5\" style=\"\"><span>Svaki potro\u0161a\u010d je u mogu\u0107nosti o\u010ditati oznaku kori\u0161tenjem mobilne aplikacije dostupne za pametne telefone  i dobiti informacije o proizvodu.<\/span><\/h3><div class=\"eut-element eut-text eut-subtitle\">\r\n\t\t\t<p>Informacije o porijeklu proizvoda, kori\u0161tenju, opozivu, marketin\u0161ke informacije itd.<\/p>\n\r\n\t\t<\/div>\r\n\t\r\n\t\t\t<\/div>\r\n\t\t<\/div>\r\n\t<\/div><\/div><\/div><\/div><\/div><div class=\"eut-background-wrapper\"><\/div><\/div>","protected":false},"excerpt":{"rendered":"Consumer Awareness How to adapt to the needs of modern consumers Consumer awareness has increased in importance due to the more frequent occurrences of hazardous events related to problems of counterfeiting and tampering with original products. WORD SPREADS INSTANTLY OVER THE INTERNET. KEEPING CONSUMER CONFIDENCE SHOULD BE A PRIMARY FOCUS OF EVERY MANUFACTURER. Why serialization? [...]","protected":false},"author":1,"featured_media":0,"parent":0,"menu_order":0,"comment_status":"open","ping_status":"closed","template":"","meta":{"inline_featured_image":false,"_monsterinsights_skip_tracking":false,"_monsterinsights_sitenote_active":false,"_monsterinsights_sitenote_note":"","_monsterinsights_sitenote_category":0,"footnotes":""},"class_list":["post-168","page","type-page","status-publish","hentry"],"_links":{"self":[{"href":"https:\/\/enseso.com\/hr\/wp-json\/wp\/v2\/pages\/168","targetHints":{"allow":["GET"]}}],"collection":[{"href":"https:\/\/enseso.com\/hr\/wp-json\/wp\/v2\/pages"}],"about":[{"href":"https:\/\/enseso.com\/hr\/wp-json\/wp\/v2\/types\/page"}],"author":[{"embeddable":true,"href":"https:\/\/enseso.com\/hr\/wp-json\/wp\/v2\/users\/1"}],"replies":[{"embeddable":true,"href":"https:\/\/enseso.com\/hr\/wp-json\/wp\/v2\/comments?post=168"}],"version-history":[{"count":25,"href":"https:\/\/enseso.com\/hr\/wp-json\/wp\/v2\/pages\/168\/revisions"}],"predecessor-version":[{"id":4271,"href":"https:\/\/enseso.com\/hr\/wp-json\/wp\/v2\/pages\/168\/revisions\/4271"}],"wp:attachment":[{"href":"https:\/\/enseso.com\/hr\/wp-json\/wp\/v2\/media?parent=168"}],"curies":[{"name":"wp","href":"https:\/\/api.w.org\/{rel}","templated":true}]}}